{"id":12206,"date":"2025-05-22T17:57:23","date_gmt":"2025-05-22T20:57:23","guid":{"rendered":"https:\/\/new.troutandwine.com\/politica-de-cancelacion\/"},"modified":"2025-07-15T21:26:13","modified_gmt":"2025-07-16T00:26:13","slug":"cancellation-policy","status":"publish","type":"page","link":"https:\/\/troutandwine.com\/es\/cancellation-policy\/","title":{"rendered":"Pol\u00edtica de cancelaci\u00f3n"},"content":{"rendered":"\t\t<div data-elementor-type=\"wp-page\" data-elementor-id=\"12206\" class=\"elementor elementor-12206 elementor-10370\">\n\t\t\t\t<div class=\"elementor-element elementor-element-197c9a5 e-flex e-con-boxed e-con e-parent\" data-id=\"197c9a5\" data-element_type=\"container\" data-e-type=\"container\">\n\t\t\t\t\t<div class=\"e-con-inner\">\n\t\t\t\t<div class=\"elementor-element elementor-element-aa4c7c6 elementor-widget elementor-widget-heading\" data-id=\"aa4c7c6\" data-element_type=\"widget\" data-e-type=\"widget\" data-widget_type=\"heading.default\">\n\t\t\t\t<div class=\"elementor-widget-container\">\n\t\t\t\t\t<h1 class=\"elementor-heading-title elementor-size-default\">Pol\u00edtica de cancelaci\u00f3n<\/h1>\t\t\t\t<\/div>\n\t\t\t\t<\/div>\n\t\t\t\t<div class=\"elementor-element elementor-element-6c52e4c elementor-widget elementor-widget-text-editor\" data-id=\"6c52e4c\" data-element_type=\"widget\" data-e-type=\"widget\" data-widget_type=\"text-editor.default\">\n\t\t\t\t<div class=\"elementor-widget-container\">\n\t\t\t\t\t\t\t\t\t<p class=\"\" data-start=\"178\" data-end=\"353\">Entendemos que los planes de viaje pueden cambiar, y nuestro objetivo es ser lo m\u00e1s flexibles posible dentro de las limitaciones de nuestras operaciones. Por favor, revisa detenidamente nuestra pol\u00edtica de cancelaci\u00f3n: <\/p>\n<h3 class=\"\" data-start=\"355\" data-end=\"370\">Visitas en grupo<\/h3>\n<ul data-start=\"371\" data-end=\"592\">\n<li class=\"\" data-start=\"371\" data-end=\"441\">\n<p class=\"\" data-start=\"373\" data-end=\"441\"><strong data-start=\"373\" data-end=\"394\">La cancelaci\u00f3n es gratuita<\/strong> hasta <strong data-start=\"414\" data-end=\"440\">24 horas antes de la recogida<\/strong>.<\/p>\n<\/li>\n<li class=\"\" data-start=\"442\" data-end=\"536\">\n<p class=\"\" data-start=\"444\" data-end=\"536\">Las cancelaciones realizadas con <strong data-start=\"463\" data-end=\"496\">menos de 24 horas de antelaci\u00f3n<\/strong> conllevar\u00e1n un <strong data-start=\"510\" data-end=\"535\">cargo de 50 USD por persona<\/strong>.<\/p>\n<\/li>\n<li class=\"\" data-start=\"537\" data-end=\"592\">\n<p class=\"\" data-start=\"539\" data-end=\"592\"><strong data-start=\"539\" data-end=\"551\">Si no te presentas<\/strong>, se te cobrar\u00e1 el <strong data-start=\"572\" data-end=\"591\">precio completo del recorrido<\/strong>.<\/p>\n<\/li>\n<\/ul>\n<h3 class=\"\" data-start=\"594\" data-end=\"611\">Visitas privadas<\/h3>\n<ul data-start=\"612\" data-end=\"728\">\n<li class=\"\" data-start=\"612\" data-end=\"728\">\n<p class=\"\" data-start=\"614\" data-end=\"728\">Las condiciones de cancelaci\u00f3n de los viajes privados var\u00edan. <strong data-start=\"664\" data-end=\"687\">Ponte en contacto con nosotros directamente<\/strong> para obtener m\u00e1s detalles y asistencia personalizada. <\/p>\n<\/li>\n<\/ul>\n<h3 class=\"\" data-start=\"730\" data-end=\"756\">Recorridos \u00abGrandes Marcas<\/h3>\n<p class=\"\" data-start=\"757\" data-end=\"823\">Se aplican condiciones especiales de cancelaci\u00f3n a las visitas a bodegas de gran demanda:<\/p>\n<ul data-start=\"824\" data-end=\"1111\">\n<li class=\"\" data-start=\"824\" data-end=\"996\">\n<p class=\"\" data-start=\"826\" data-end=\"996\"><strong data-start=\"826\" data-end=\"843\">Catena Zapata<\/strong> y <strong data-start=\"846\" data-end=\"860\">El Enemigo<\/strong>: Reembolso \u00edntegro hasta <strong data-start=\"880\" data-end=\"890\">8 d\u00edas<\/strong> antes de la excursi\u00f3n. Para grupos de <strong data-start=\"922\" data-end=\"935\">9 o m\u00e1s<\/strong> personas, las cancelaciones deben hacerse con al menos <strong data-start=\"973\" data-end=\"984\">15 d\u00edas de<\/strong> antelaci\u00f3n. <\/p><\/li><li class=\"\" data-start=\"824\" data-end=\"996\"><p class=\"\" data-start=\"826\" data-end=\"996\"><strong data-start=\"999\" data-end=\"1022\">Restaurante Ang\u00e9lica<\/strong> y <strong data-start=\"1025\" data-end=\"1055\">Piedra Infinita (Zuccardi<\/strong>): Reembolso completo hasta <strong data-start=\"1075\" data-end=\"1087\">48 horas<\/strong> antes de la fecha del tour.<\/p><\/li>\n<\/ul>\n<h3 class=\"\" data-start=\"1113\" data-end=\"1136\">Reservas a trav\u00e9s de Viator<\/h3>\n<p class=\"\" data-start=\"1137\" data-end=\"1303\">Si reservaste tu viaje a trav\u00e9s de <strong data-start=\"1169\" data-end=\"1179\">Viator<\/strong>, debes <strong data-start=\"1190\" data-end=\"1232\">cancelarlo directamente a trav\u00e9s de su plataforma<\/strong>. No podemos procesar cambios ni reembolsos de reservas de terceros. <\/p>\n<h3 class=\"\" data-start=\"1305\" data-end=\"1334\">Anulaciones de \u00faltima hora<\/h3>\n<p class=\"\" data-start=\"1335\" data-end=\"1581\">En caso de <strong data-start=\"1351\" data-end=\"1379\">circunstancias imprevistas<\/strong>, como enfermedad, podemos ofrecer flexibilidad <strong data-start=\"1423\" data-end=\"1448\">durante la temporada baja<\/strong>. Sin embargo, ten en cuenta que <strong data-start=\"1476\" data-end=\"1494\">en temporada alta<\/strong> se aplicar\u00e1n los gastos de cancelaci\u00f3n habituales debido a la disponibilidad limitada y a la gran demanda. <\/p>\n<p class=\"\" data-start=\"1583\" data-end=\"1677\">Si tienes alguna pregunta o necesitas ayuda con tu reserva, no dudes en ponerte en contacto con nuestro equipo.<\/p>\n<h3 class=\"\" data-start=\"355\" data-end=\"370\">&nbsp;<\/h3>\t\t\t\t\t\t\t\t<\/div>\n\t\t\t\t<\/div>\n\t\t\t\t\t<\/div>\n\t\t\t\t<\/div>\n\t\t\t\t<\/div>\n\t\t","protected":false},"excerpt":{"rendered":"<p>Pol\u00edtica de cancelaci\u00f3n Entendemos que los planes de viaje pueden cambiar, y nuestro objetivo es ser lo m\u00e1s flexibles posible dentro de las limitaciones de nuestras operaciones. Por favor, revisa detenidamente nuestra pol\u00edtica de cancelaci\u00f3n: Visitas en grupo La cancelaci\u00f3n es gratuita hasta 24 horas antes de la recogida. Las cancelaciones realizadas con menos de [&hellip;]<\/p>\n","protected":false},"author":1,"featured_media":0,"parent":0,"menu_order":0,"comment_status":"closed","ping_status":"closed","template":"elementor_header_footer","meta":{"footnotes":""},"class_list":["post-12206","page","type-page","status-publish","has-post-thumbnail","hentry"],"yoast_head":"<!-- This site is optimized with the Yoast SEO plugin v27.3 - https:\/\/yoast.com\/product\/yoast-seo-wordpress\/ -->\n<title>Pol\u00edtica de cancelaci\u00f3n - Trout &amp; Wine<\/title>\n<meta name=\"robots\" content=\"index, follow, max-snippet:-1, max-image-preview:large, max-video-preview:-1\" \/>\n<link rel=\"canonical\" href=\"https:\/\/troutandwine.com\/es\/cancellation-policy\/\" \/>\n<meta property=\"og:locale\" content=\"es_ES\" \/>\n<meta property=\"og:type\" content=\"article\" \/>\n<meta property=\"og:title\" content=\"Pol\u00edtica de cancelaci\u00f3n - Trout &amp; Wine\" \/>\n<meta property=\"og:description\" content=\"Pol\u00edtica de cancelaci\u00f3n Entendemos que los planes de viaje pueden cambiar, y nuestro objetivo es ser lo m\u00e1s flexibles posible dentro de las limitaciones de nuestras operaciones. Por favor, revisa detenidamente nuestra pol\u00edtica de cancelaci\u00f3n: Visitas en grupo La cancelaci\u00f3n es gratuita hasta 24 horas antes de la recogida. Las cancelaciones realizadas con menos de [&hellip;]\" \/>\n<meta property=\"og:url\" content=\"https:\/\/troutandwine.com\/es\/cancellation-policy\/\" \/>\n<meta property=\"og:site_name\" content=\"Trout &amp; Wine\" \/>\n<meta property=\"article:publisher\" content=\"https:\/\/www.facebook.com\/troutandwine\/\" \/>\n<meta property=\"article:modified_time\" content=\"2025-07-16T00:26:13+00:00\" \/>\n<meta property=\"og:image\" content=\"https:\/\/troutandwine.com\/wp-content\/uploads\/2025\/05\/logo-1.png\" \/>\n\t<meta property=\"og:image:width\" content=\"1000\" \/>\n\t<meta property=\"og:image:height\" content=\"1000\" \/>\n\t<meta property=\"og:image:type\" content=\"image\/png\" \/>\n<meta name=\"twitter:card\" content=\"summary_large_image\" \/>\n<meta name=\"twitter:label1\" content=\"Tiempo de lectura\" \/>\n\t<meta name=\"twitter:data1\" content=\"1 minuto\" \/>\n<script type=\"application\/ld+json\" class=\"yoast-schema-graph\">{\"@context\":\"https:\\\/\\\/schema.org\",\"@graph\":[{\"@type\":\"WebPage\",\"@id\":\"https:\\\/\\\/troutandwine.com\\\/es\\\/cancellation-policy\\\/\",\"url\":\"https:\\\/\\\/troutandwine.com\\\/es\\\/cancellation-policy\\\/\",\"name\":\"Pol\u00edtica de cancelaci\u00f3n - Trout &amp; Wine\",\"isPartOf\":{\"@id\":\"https:\\\/\\\/limegreen-hornet-412731.hostingersite.com\\\/en\\\/#website\"},\"datePublished\":\"2025-05-22T20:57:23+00:00\",\"dateModified\":\"2025-07-16T00:26:13+00:00\",\"breadcrumb\":{\"@id\":\"https:\\\/\\\/troutandwine.com\\\/es\\\/cancellation-policy\\\/#breadcrumb\"},\"inLanguage\":\"es\",\"potentialAction\":[{\"@type\":\"ReadAction\",\"target\":[\"https:\\\/\\\/troutandwine.com\\\/es\\\/cancellation-policy\\\/\"]}]},{\"@type\":\"BreadcrumbList\",\"@id\":\"https:\\\/\\\/troutandwine.com\\\/es\\\/cancellation-policy\\\/#breadcrumb\",\"itemListElement\":[{\"@type\":\"ListItem\",\"position\":1,\"name\":\"Home\",\"item\":\"https:\\\/\\\/troutandwine.com\\\/es\\\/\"},{\"@type\":\"ListItem\",\"position\":2,\"name\":\"Pol\u00edtica de cancelaci\u00f3n\"}]},{\"@type\":\"WebSite\",\"@id\":\"https:\\\/\\\/limegreen-hornet-412731.hostingersite.com\\\/en\\\/#website\",\"url\":\"https:\\\/\\\/limegreen-hornet-412731.hostingersite.com\\\/en\\\/\",\"name\":\"Trout and Wine\",\"description\":\"The Perfect Wine Tours\",\"publisher\":{\"@id\":\"https:\\\/\\\/limegreen-hornet-412731.hostingersite.com\\\/en\\\/#organization\"},\"potentialAction\":[{\"@type\":\"SearchAction\",\"target\":{\"@type\":\"EntryPoint\",\"urlTemplate\":\"https:\\\/\\\/limegreen-hornet-412731.hostingersite.com\\\/en\\\/?s={search_term_string}\"},\"query-input\":{\"@type\":\"PropertyValueSpecification\",\"valueRequired\":true,\"valueName\":\"search_term_string\"}}],\"inLanguage\":\"es\"},{\"@type\":\"Organization\",\"@id\":\"https:\\\/\\\/limegreen-hornet-412731.hostingersite.com\\\/en\\\/#organization\",\"name\":\"Trout and Wine\",\"url\":\"https:\\\/\\\/limegreen-hornet-412731.hostingersite.com\\\/en\\\/\",\"logo\":{\"@type\":\"ImageObject\",\"inLanguage\":\"es\",\"@id\":\"https:\\\/\\\/limegreen-hornet-412731.hostingersite.com\\\/en\\\/#\\\/schema\\\/logo\\\/image\\\/\",\"url\":\"https:\\\/\\\/placehold.co\\\/600x400\",\"contentUrl\":\"https:\\\/\\\/placehold.co\\\/600x400\",\"width\":900,\"height\":600,\"caption\":\"Trout and Wine\"},\"image\":{\"@id\":\"https:\\\/\\\/limegreen-hornet-412731.hostingersite.com\\\/en\\\/#\\\/schema\\\/logo\\\/image\\\/\"},\"sameAs\":[\"https:\\\/\\\/www.facebook.com\\\/troutandwine\\\/\",\"https:\\\/\\\/www.instagram.com\\\/troutandwinearg\\\/\",\"https:\\\/\\\/www.tripadvisor.com.ar\\\/Attraction_Review-g312781-d982478-Reviews-Trout_Wine_Tours-Mendoza_Province_of_Mendoza_Cuyo.html\"]}]}<\/script>\n<!-- \/ Yoast SEO plugin. -->","yoast_head_json":{"title":"Pol\u00edtica de cancelaci\u00f3n - Trout &amp; Wine","robots":{"index":"index","follow":"follow","max-snippet":"max-snippet:-1","max-image-preview":"max-image-preview:large","max-video-preview":"max-video-preview:-1"},"canonical":"https:\/\/troutandwine.com\/es\/cancellation-policy\/","og_locale":"es_ES","og_type":"article","og_title":"Pol\u00edtica de cancelaci\u00f3n - Trout &amp; Wine","og_description":"Pol\u00edtica de cancelaci\u00f3n Entendemos que los planes de viaje pueden cambiar, y nuestro objetivo es ser lo m\u00e1s flexibles posible dentro de las limitaciones de nuestras operaciones. Por favor, revisa detenidamente nuestra pol\u00edtica de cancelaci\u00f3n: Visitas en grupo La cancelaci\u00f3n es gratuita hasta 24 horas antes de la recogida. Las cancelaciones realizadas con menos de [&hellip;]","og_url":"https:\/\/troutandwine.com\/es\/cancellation-policy\/","og_site_name":"Trout &amp; Wine","article_publisher":"https:\/\/www.facebook.com\/troutandwine\/","article_modified_time":"2025-07-16T00:26:13+00:00","og_image":[{"width":1000,"height":1000,"url":"https:\/\/troutandwine.com\/wp-content\/uploads\/2025\/05\/logo-1.png","type":"image\/png"}],"twitter_card":"summary_large_image","twitter_misc":{"Tiempo de lectura":"1 minuto"},"schema":{"@context":"https:\/\/schema.org","@graph":[{"@type":"WebPage","@id":"https:\/\/troutandwine.com\/es\/cancellation-policy\/","url":"https:\/\/troutandwine.com\/es\/cancellation-policy\/","name":"Pol\u00edtica de cancelaci\u00f3n - Trout &amp; Wine","isPartOf":{"@id":"https:\/\/limegreen-hornet-412731.hostingersite.com\/en\/#website"},"datePublished":"2025-05-22T20:57:23+00:00","dateModified":"2025-07-16T00:26:13+00:00","breadcrumb":{"@id":"https:\/\/troutandwine.com\/es\/cancellation-policy\/#breadcrumb"},"inLanguage":"es","potentialAction":[{"@type":"ReadAction","target":["https:\/\/troutandwine.com\/es\/cancellation-policy\/"]}]},{"@type":"BreadcrumbList","@id":"https:\/\/troutandwine.com\/es\/cancellation-policy\/#breadcrumb","itemListElement":[{"@type":"ListItem","position":1,"name":"Home","item":"https:\/\/troutandwine.com\/es\/"},{"@type":"ListItem","position":2,"name":"Pol\u00edtica de cancelaci\u00f3n"}]},{"@type":"WebSite","@id":"https:\/\/limegreen-hornet-412731.hostingersite.com\/en\/#website","url":"https:\/\/limegreen-hornet-412731.hostingersite.com\/en\/","name":"Trout and Wine","description":"The Perfect Wine Tours","publisher":{"@id":"https:\/\/limegreen-hornet-412731.hostingersite.com\/en\/#organization"},"potentialAction":[{"@type":"SearchAction","target":{"@type":"EntryPoint","urlTemplate":"https:\/\/limegreen-hornet-412731.hostingersite.com\/en\/?s={search_term_string}"},"query-input":{"@type":"PropertyValueSpecification","valueRequired":true,"valueName":"search_term_string"}}],"inLanguage":"es"},{"@type":"Organization","@id":"https:\/\/limegreen-hornet-412731.hostingersite.com\/en\/#organization","name":"Trout and Wine","url":"https:\/\/limegreen-hornet-412731.hostingersite.com\/en\/","logo":{"@type":"ImageObject","inLanguage":"es","@id":"https:\/\/limegreen-hornet-412731.hostingersite.com\/en\/#\/schema\/logo\/image\/","url":"https:\/\/placehold.co\/600x400","contentUrl":"https:\/\/placehold.co\/600x400","width":900,"height":600,"caption":"Trout and Wine"},"image":{"@id":"https:\/\/limegreen-hornet-412731.hostingersite.com\/en\/#\/schema\/logo\/image\/"},"sameAs":["https:\/\/www.facebook.com\/troutandwine\/","https:\/\/www.instagram.com\/troutandwinearg\/","https:\/\/www.tripadvisor.com.ar\/Attraction_Review-g312781-d982478-Reviews-Trout_Wine_Tours-Mendoza_Province_of_Mendoza_Cuyo.html"]}]}},"_links":{"self":[{"href":"https:\/\/troutandwine.com\/es\/wp-json\/wp\/v2\/pages\/12206","targetHints":{"allow":["GET"]}}],"collection":[{"href":"https:\/\/troutandwine.com\/es\/wp-json\/wp\/v2\/pages"}],"about":[{"href":"https:\/\/troutandwine.com\/es\/wp-json\/wp\/v2\/types\/page"}],"author":[{"embeddable":true,"href":"https:\/\/troutandwine.com\/es\/wp-json\/wp\/v2\/users\/1"}],"replies":[{"embeddable":true,"href":"https:\/\/troutandwine.com\/es\/wp-json\/wp\/v2\/comments?post=12206"}],"version-history":[{"count":1,"href":"https:\/\/troutandwine.com\/es\/wp-json\/wp\/v2\/pages\/12206\/revisions"}],"predecessor-version":[{"id":12207,"href":"https:\/\/troutandwine.com\/es\/wp-json\/wp\/v2\/pages\/12206\/revisions\/12207"}],"wp:attachment":[{"href":"https:\/\/troutandwine.com\/es\/wp-json\/wp\/v2\/media?parent=12206"}],"curies":[{"name":"wp","href":"https:\/\/api.w.org\/{rel}","templated":true}]}}