{"id":12229,"date":"2018-12-10T07:30:15","date_gmt":"2018-12-10T10:30:15","guid":{"rendered":"https:\/\/new.troutandwine.com\/pago\/"},"modified":"2025-07-02T20:22:15","modified_gmt":"2025-07-02T23:22:15","slug":"checkout","status":"publish","type":"page","link":"https:\/\/troutandwine.com\/es\/checkout\/","title":{"rendered":"Pago"},"content":{"rendered":"\n<p><strong>IMPORTANTE:<\/strong> No vuelvas a cargar la p\u00e1gina despu\u00e9s de hacer clic en \u00abEnviar\u00bb. Se te redirigir\u00e1 autom\u00e1ticamente en unos segundos.<br\/>Si no se te redirige, comprueba la direcci\u00f3n de correo electr\u00f3nico que proporcionaste para confirmar si la operaci\u00f3n se ha realizado correctamente.<br\/>Si tienes alg\u00fan problema, no dudes en ponerte en contacto con nosotros. <\/p>\n","protected":false},"excerpt":{"rendered":"<p>IMPORTANTE: No vuelvas a cargar la p\u00e1gina despu\u00e9s de hacer clic en \u00abEnviar\u00bb. Se te redirigir\u00e1 autom\u00e1ticamente en unos segundos.Si no se te redirige, comprueba la direcci\u00f3n de correo electr\u00f3nico que proporcionaste para confirmar si la operaci\u00f3n se ha realizado correctamente.Si tienes alg\u00fan problema, no dudes en ponerte en contacto con nosotros.<\/p>\n","protected":false},"author":1,"featured_media":0,"parent":0,"menu_order":0,"comment_status":"closed","ping_status":"closed","template":"template-checkout.php","meta":{"footnotes":""},"class_list":["post-12229","page","type-page","status-publish","has-post-thumbnail","hentry"],"yoast_head":"<!-- This site is optimized with the Yoast SEO plugin v27.4 - https:\/\/yoast.com\/product\/yoast-seo-wordpress\/ -->\n<title>Pago - Trout &amp; Wine<\/title>\n<meta name=\"robots\" content=\"index, follow, max-snippet:-1, max-image-preview:large, max-video-preview:-1\" \/>\n<link rel=\"canonical\" href=\"https:\/\/troutandwine.com\/es\/checkout\/\" \/>\n<meta property=\"og:locale\" content=\"es_ES\" \/>\n<meta property=\"og:type\" content=\"article\" \/>\n<meta property=\"og:title\" content=\"Pago - Trout &amp; Wine\" \/>\n<meta property=\"og:description\" content=\"IMPORTANTE: No vuelvas a cargar la p\u00e1gina despu\u00e9s de hacer clic en \u00abEnviar\u00bb. Se te redirigir\u00e1 autom\u00e1ticamente en unos segundos.Si no se te redirige, comprueba la direcci\u00f3n de correo electr\u00f3nico que proporcionaste para confirmar si la operaci\u00f3n se ha realizado correctamente.Si tienes alg\u00fan problema, no dudes en ponerte en contacto con nosotros.\" \/>\n<meta property=\"og:url\" content=\"https:\/\/troutandwine.com\/es\/checkout\/\" \/>\n<meta property=\"og:site_name\" content=\"Trout &amp; Wine\" \/>\n<meta property=\"article:publisher\" content=\"https:\/\/www.facebook.com\/troutandwine\/\" \/>\n<meta property=\"article:modified_time\" content=\"2025-07-02T23:22:15+00:00\" \/>\n<meta property=\"og:image\" content=\"https:\/\/troutandwine.com\/wp-content\/uploads\/2025\/05\/logo-1.png\" \/>\n\t<meta property=\"og:image:width\" content=\"1000\" \/>\n\t<meta property=\"og:image:height\" content=\"1000\" \/>\n\t<meta property=\"og:image:type\" content=\"image\/png\" \/>\n<meta name=\"twitter:card\" content=\"summary_large_image\" \/>\n<script type=\"application\/ld+json\" class=\"yoast-schema-graph\">{\"@context\":\"https:\\\/\\\/schema.org\",\"@graph\":[{\"@type\":\"WebPage\",\"@id\":\"https:\\\/\\\/troutandwine.com\\\/es\\\/checkout\\\/\",\"url\":\"https:\\\/\\\/troutandwine.com\\\/es\\\/checkout\\\/\",\"name\":\"Pago - Trout &amp; Wine\",\"isPartOf\":{\"@id\":\"https:\\\/\\\/limegreen-hornet-412731.hostingersite.com\\\/en\\\/#website\"},\"datePublished\":\"2018-12-10T10:30:15+00:00\",\"dateModified\":\"2025-07-02T23:22:15+00:00\",\"breadcrumb\":{\"@id\":\"https:\\\/\\\/troutandwine.com\\\/es\\\/checkout\\\/#breadcrumb\"},\"inLanguage\":\"es\",\"potentialAction\":[{\"@type\":\"ReadAction\",\"target\":[\"https:\\\/\\\/troutandwine.com\\\/es\\\/checkout\\\/\"]}]},{\"@type\":\"BreadcrumbList\",\"@id\":\"https:\\\/\\\/troutandwine.com\\\/es\\\/checkout\\\/#breadcrumb\",\"itemListElement\":[{\"@type\":\"ListItem\",\"position\":1,\"name\":\"Home\",\"item\":\"https:\\\/\\\/troutandwine.com\\\/es\\\/\"},{\"@type\":\"ListItem\",\"position\":2,\"name\":\"Pago\"}]},{\"@type\":\"WebSite\",\"@id\":\"https:\\\/\\\/limegreen-hornet-412731.hostingersite.com\\\/en\\\/#website\",\"url\":\"https:\\\/\\\/limegreen-hornet-412731.hostingersite.com\\\/en\\\/\",\"name\":\"Trout and Wine\",\"description\":\"The Perfect Wine Tours\",\"publisher\":{\"@id\":\"https:\\\/\\\/limegreen-hornet-412731.hostingersite.com\\\/en\\\/#organization\"},\"potentialAction\":[{\"@type\":\"SearchAction\",\"target\":{\"@type\":\"EntryPoint\",\"urlTemplate\":\"https:\\\/\\\/limegreen-hornet-412731.hostingersite.com\\\/en\\\/?s={search_term_string}\"},\"query-input\":{\"@type\":\"PropertyValueSpecification\",\"valueRequired\":true,\"valueName\":\"search_term_string\"}}],\"inLanguage\":\"es\"},{\"@type\":\"Organization\",\"@id\":\"https:\\\/\\\/limegreen-hornet-412731.hostingersite.com\\\/en\\\/#organization\",\"name\":\"Trout and Wine\",\"url\":\"https:\\\/\\\/limegreen-hornet-412731.hostingersite.com\\\/en\\\/\",\"logo\":{\"@type\":\"ImageObject\",\"inLanguage\":\"es\",\"@id\":\"https:\\\/\\\/limegreen-hornet-412731.hostingersite.com\\\/en\\\/#\\\/schema\\\/logo\\\/image\\\/\",\"url\":\"https:\\\/\\\/placehold.co\\\/600x400\",\"contentUrl\":\"https:\\\/\\\/placehold.co\\\/600x400\",\"width\":900,\"height\":600,\"caption\":\"Trout and Wine\"},\"image\":{\"@id\":\"https:\\\/\\\/limegreen-hornet-412731.hostingersite.com\\\/en\\\/#\\\/schema\\\/logo\\\/image\\\/\"},\"sameAs\":[\"https:\\\/\\\/www.facebook.com\\\/troutandwine\\\/\",\"https:\\\/\\\/www.instagram.com\\\/troutandwinearg\\\/\",\"https:\\\/\\\/www.tripadvisor.com.ar\\\/Attraction_Review-g312781-d982478-Reviews-Trout_Wine_Tours-Mendoza_Province_of_Mendoza_Cuyo.html\"]}]}<\/script>\n<!-- \/ Yoast SEO plugin. -->","yoast_head_json":{"title":"Pago - Trout &amp; Wine","robots":{"index":"index","follow":"follow","max-snippet":"max-snippet:-1","max-image-preview":"max-image-preview:large","max-video-preview":"max-video-preview:-1"},"canonical":"https:\/\/troutandwine.com\/es\/checkout\/","og_locale":"es_ES","og_type":"article","og_title":"Pago - Trout &amp; Wine","og_description":"IMPORTANTE: No vuelvas a cargar la p\u00e1gina despu\u00e9s de hacer clic en \u00abEnviar\u00bb. Se te redirigir\u00e1 autom\u00e1ticamente en unos segundos.Si no se te redirige, comprueba la direcci\u00f3n de correo electr\u00f3nico que proporcionaste para confirmar si la operaci\u00f3n se ha realizado correctamente.Si tienes alg\u00fan problema, no dudes en ponerte en contacto con nosotros.","og_url":"https:\/\/troutandwine.com\/es\/checkout\/","og_site_name":"Trout &amp; Wine","article_publisher":"https:\/\/www.facebook.com\/troutandwine\/","article_modified_time":"2025-07-02T23:22:15+00:00","og_image":[{"width":1000,"height":1000,"url":"https:\/\/troutandwine.com\/wp-content\/uploads\/2025\/05\/logo-1.png","type":"image\/png"}],"twitter_card":"summary_large_image","schema":{"@context":"https:\/\/schema.org","@graph":[{"@type":"WebPage","@id":"https:\/\/troutandwine.com\/es\/checkout\/","url":"https:\/\/troutandwine.com\/es\/checkout\/","name":"Pago - Trout &amp; Wine","isPartOf":{"@id":"https:\/\/limegreen-hornet-412731.hostingersite.com\/en\/#website"},"datePublished":"2018-12-10T10:30:15+00:00","dateModified":"2025-07-02T23:22:15+00:00","breadcrumb":{"@id":"https:\/\/troutandwine.com\/es\/checkout\/#breadcrumb"},"inLanguage":"es","potentialAction":[{"@type":"ReadAction","target":["https:\/\/troutandwine.com\/es\/checkout\/"]}]},{"@type":"BreadcrumbList","@id":"https:\/\/troutandwine.com\/es\/checkout\/#breadcrumb","itemListElement":[{"@type":"ListItem","position":1,"name":"Home","item":"https:\/\/troutandwine.com\/es\/"},{"@type":"ListItem","position":2,"name":"Pago"}]},{"@type":"WebSite","@id":"https:\/\/limegreen-hornet-412731.hostingersite.com\/en\/#website","url":"https:\/\/limegreen-hornet-412731.hostingersite.com\/en\/","name":"Trout and Wine","description":"The Perfect Wine Tours","publisher":{"@id":"https:\/\/limegreen-hornet-412731.hostingersite.com\/en\/#organization"},"potentialAction":[{"@type":"SearchAction","target":{"@type":"EntryPoint","urlTemplate":"https:\/\/limegreen-hornet-412731.hostingersite.com\/en\/?s={search_term_string}"},"query-input":{"@type":"PropertyValueSpecification","valueRequired":true,"valueName":"search_term_string"}}],"inLanguage":"es"},{"@type":"Organization","@id":"https:\/\/limegreen-hornet-412731.hostingersite.com\/en\/#organization","name":"Trout and Wine","url":"https:\/\/limegreen-hornet-412731.hostingersite.com\/en\/","logo":{"@type":"ImageObject","inLanguage":"es","@id":"https:\/\/limegreen-hornet-412731.hostingersite.com\/en\/#\/schema\/logo\/image\/","url":"https:\/\/placehold.co\/600x400","contentUrl":"https:\/\/placehold.co\/600x400","width":900,"height":600,"caption":"Trout and Wine"},"image":{"@id":"https:\/\/limegreen-hornet-412731.hostingersite.com\/en\/#\/schema\/logo\/image\/"},"sameAs":["https:\/\/www.facebook.com\/troutandwine\/","https:\/\/www.instagram.com\/troutandwinearg\/","https:\/\/www.tripadvisor.com.ar\/Attraction_Review-g312781-d982478-Reviews-Trout_Wine_Tours-Mendoza_Province_of_Mendoza_Cuyo.html"]}]}},"_links":{"self":[{"href":"https:\/\/troutandwine.com\/es\/wp-json\/wp\/v2\/pages\/12229","targetHints":{"allow":["GET"]}}],"collection":[{"href":"https:\/\/troutandwine.com\/es\/wp-json\/wp\/v2\/pages"}],"about":[{"href":"https:\/\/troutandwine.com\/es\/wp-json\/wp\/v2\/types\/page"}],"author":[{"embeddable":true,"href":"https:\/\/troutandwine.com\/es\/wp-json\/wp\/v2\/users\/1"}],"replies":[{"embeddable":true,"href":"https:\/\/troutandwine.com\/es\/wp-json\/wp\/v2\/comments?post=12229"}],"version-history":[{"count":1,"href":"https:\/\/troutandwine.com\/es\/wp-json\/wp\/v2\/pages\/12229\/revisions"}],"predecessor-version":[{"id":12230,"href":"https:\/\/troutandwine.com\/es\/wp-json\/wp\/v2\/pages\/12229\/revisions\/12230"}],"wp:attachment":[{"href":"https:\/\/troutandwine.com\/es\/wp-json\/wp\/v2\/media?parent=12229"}],"curies":[{"name":"wp","href":"https:\/\/api.w.org\/{rel}","templated":true}]}}