{"id":12208,"date":"2025-05-22T17:57:23","date_gmt":"2025-05-22T20:57:23","guid":{"rendered":"https:\/\/new.troutandwine.com\/politica-de-cancelamento\/"},"modified":"2025-07-02T19:48:54","modified_gmt":"2025-07-02T22:48:54","slug":"politica-de-cancelamento","status":"publish","type":"page","link":"https:\/\/troutandwine.com\/pt-br\/politica-de-cancelamento\/","title":{"rendered":"Pol\u00edtica de cancelamento"},"content":{"rendered":"\t\t<div data-elementor-type=\"wp-page\" data-elementor-id=\"12208\" class=\"elementor elementor-12208 elementor-10370\">\n\t\t\t\t<div class=\"elementor-element elementor-element-197c9a5 e-flex e-con-boxed e-con e-parent\" data-id=\"197c9a5\" data-element_type=\"container\" data-e-type=\"container\">\n\t\t\t\t\t<div class=\"e-con-inner\">\n\t\t\t\t<div class=\"elementor-element elementor-element-aa4c7c6 elementor-widget elementor-widget-heading\" data-id=\"aa4c7c6\" data-element_type=\"widget\" data-e-type=\"widget\" data-widget_type=\"heading.default\">\n\t\t\t\t<div class=\"elementor-widget-container\">\n\t\t\t\t\t<h1 class=\"elementor-heading-title elementor-size-default\">Pol\u00edtica de cancelamento<\/h1>\t\t\t\t<\/div>\n\t\t\t\t<\/div>\n\t\t\t\t<div class=\"elementor-element elementor-element-6c52e4c elementor-widget elementor-widget-text-editor\" data-id=\"6c52e4c\" data-element_type=\"widget\" data-e-type=\"widget\" data-widget_type=\"text-editor.default\">\n\t\t\t\t<div class=\"elementor-widget-container\">\n\t\t\t\t\t\t\t\t\t<p class=\"\" data-start=\"178\" data-end=\"353\">Entendemos que os planos de viagem podem mudar, e nosso objetivo \u00e9 ser o mais flex\u00edvel poss\u00edvel dentro das limita\u00e7\u00f5es de nossas opera\u00e7\u00f5es. Leia atentamente nossa pol\u00edtica de cancelamento: <\/p>\n<h3 class=\"\" data-start=\"355\" data-end=\"370\">Passeios em grupo<\/h3>\n<ul data-start=\"371\" data-end=\"592\">\n<li class=\"\" data-start=\"371\" data-end=\"441\">\n<p class=\"\" data-start=\"373\" data-end=\"441\"><strong data-start=\"373\" data-end=\"394\">O cancelamento gratuito<\/strong> est\u00e1 dispon\u00edvel at\u00e9 <strong data-start=\"414\" data-end=\"440\">24 horas antes da retirada<\/strong>.<\/p>\n<\/li>\n<li class=\"\" data-start=\"442\" data-end=\"536\">\n<p class=\"\" data-start=\"444\" data-end=\"536\">Os cancelamentos feitos <strong data-start=\"463\" data-end=\"496\">com menos de 24 horas de anteced\u00eancia<\/strong> incorrer\u00e3o em uma <strong data-start=\"510\" data-end=\"535\">taxa de US$ 50 por pessoa<\/strong>.<\/p>\n<\/li>\n<li class=\"\" data-start=\"537\" data-end=\"592\">\n<p class=\"\" data-start=\"539\" data-end=\"592\"><strong data-start=\"539\" data-end=\"551\">Se voc\u00ea n\u00e3o comparecer,<\/strong> ser\u00e1 cobrado o <strong data-start=\"572\" data-end=\"591\">pre\u00e7o total da excurs\u00e3o<\/strong>.<\/p>\n<\/li>\n<\/ul>\n<h3 class=\"\" data-start=\"594\" data-end=\"611\">Passeios particulares<\/h3>\n<ul data-start=\"612\" data-end=\"728\">\n<li class=\"\" data-start=\"612\" data-end=\"728\">\n<p class=\"\" data-start=\"614\" data-end=\"728\">Os termos de cancelamento para passeios particulares variam. Entre <strong data-start=\"664\" data-end=\"687\">em contato conosco diretamente<\/strong> para obter detalhes e assist\u00eancia personalizada. <\/p>\n<\/li>\n<\/ul>\n<h3 class=\"\" data-start=\"730\" data-end=\"756\">Passeios &#8220;Grandes Marcas<\/h3>\n<p class=\"\" data-start=\"757\" data-end=\"823\">Condi\u00e7\u00f5es especiais de cancelamento se aplicam a passeios em vin\u00edcolas de alta demanda:<\/p>\n<ul data-start=\"824\" data-end=\"1111\">\n<li class=\"\" data-start=\"824\" data-end=\"996\">\n<p class=\"\" data-start=\"826\" data-end=\"996\"><strong data-start=\"826\" data-end=\"843\">Catena Zapata<\/strong> &amp; <strong data-start=\"846\" data-end=\"860\">El Enemigo<\/strong>: Reembolso total at\u00e9 <strong data-start=\"880\" data-end=\"890\">8 dias<\/strong> antes do passeio. Para grupos de <strong data-start=\"922\" data-end=\"935\">9 ou mais<\/strong> pessoas, os cancelamentos devem ser feitos com pelo menos <strong data-start=\"973\" data-end=\"984\">15 dias<\/strong> de anteced\u00eancia. <\/p><\/li><li class=\"\" data-start=\"824\" data-end=\"996\"><p class=\"\" data-start=\"826\" data-end=\"996\"><strong data-start=\"999\" data-end=\"1022\">Restaurante Ang\u00e9lica<\/strong> e <strong data-start=\"1025\" data-end=\"1055\">Piedra Infinita (Zuccardi)<\/strong>: Reembolso total at\u00e9 <strong data-start=\"1075\" data-end=\"1087\">48 horas<\/strong> antes da data da excurs\u00e3o.<\/p><\/li>\n<\/ul>\n<h3 class=\"\" data-start=\"1113\" data-end=\"1136\">Reservas via Viator<\/h3>\n<p class=\"\" data-start=\"1137\" data-end=\"1303\">Se voc\u00ea reservou sua excurs\u00e3o por meio da <strong data-start=\"1169\" data-end=\"1179\">Viator<\/strong>, dever\u00e1 <strong data-start=\"1190\" data-end=\"1232\">cancelar diretamente pela plataforma deles<\/strong>. N\u00e3o podemos processar altera\u00e7\u00f5es ou reembolsos para reservas feitas por terceiros. <\/p>\n<h3 class=\"\" data-start=\"1305\" data-end=\"1334\">Cancelamentos de \u00faltima hora<\/h3>\n<p class=\"\" data-start=\"1335\" data-end=\"1581\">Em caso de <strong data-start=\"1351\" data-end=\"1379\">circunst\u00e2ncias imprevistas<\/strong>, como doen\u00e7a, podemos oferecer flexibilidade <strong data-start=\"1423\" data-end=\"1448\">durante a baixa temporada<\/strong>. No entanto, observe que <strong data-start=\"1476\" data-end=\"1494\">, na alta temporada<\/strong>, ser\u00e3o aplicadas taxas de cancelamento padr\u00e3o devido \u00e0 disponibilidade limitada e \u00e0 alta demanda. <\/p>\n<p class=\"\" data-start=\"1583\" data-end=\"1677\">Se voc\u00ea tiver alguma d\u00favida ou precisar de ajuda com sua reserva, entre em contato com nossa equipe.<\/p>\n<h3 class=\"\" data-start=\"355\" data-end=\"370\">&nbsp;<\/h3>\t\t\t\t\t\t\t\t<\/div>\n\t\t\t\t<\/div>\n\t\t\t\t\t<\/div>\n\t\t\t\t<\/div>\n\t\t\t\t<\/div>\n\t\t","protected":false},"excerpt":{"rendered":"<p>Pol\u00edtica de cancelamento Entendemos que os planos de viagem podem mudar, e nosso objetivo \u00e9 ser o mais flex\u00edvel poss\u00edvel dentro das limita\u00e7\u00f5es de nossas opera\u00e7\u00f5es. Leia atentamente nossa pol\u00edtica de cancelamento: Passeios em grupo O cancelamento gratuito est\u00e1 dispon\u00edvel at\u00e9 24 horas antes da retirada. Os cancelamentos feitos com menos de 24 horas de [&hellip;]<\/p>\n","protected":false},"author":1,"featured_media":0,"parent":0,"menu_order":0,"comment_status":"closed","ping_status":"closed","template":"elementor_header_footer","meta":{"footnotes":""},"class_list":["post-12208","page","type-page","status-publish","has-post-thumbnail","hentry"],"yoast_head":"<!-- This site is optimized with the Yoast SEO plugin v27.3 - https:\/\/yoast.com\/product\/yoast-seo-wordpress\/ -->\n<title>Pol\u00edtica de cancelamento - Trout &amp; Wine<\/title>\n<meta name=\"robots\" content=\"index, follow, max-snippet:-1, max-image-preview:large, max-video-preview:-1\" \/>\n<link rel=\"canonical\" href=\"https:\/\/troutandwine.com\/pt-br\/politica-de-cancelamento\/\" \/>\n<meta property=\"og:locale\" content=\"pt_BR\" \/>\n<meta property=\"og:type\" content=\"article\" \/>\n<meta property=\"og:title\" content=\"Pol\u00edtica de cancelamento - Trout &amp; Wine\" \/>\n<meta property=\"og:description\" content=\"Pol\u00edtica de cancelamento Entendemos que os planos de viagem podem mudar, e nosso objetivo \u00e9 ser o mais flex\u00edvel poss\u00edvel dentro das limita\u00e7\u00f5es de nossas opera\u00e7\u00f5es. Leia atentamente nossa pol\u00edtica de cancelamento: Passeios em grupo O cancelamento gratuito est\u00e1 dispon\u00edvel at\u00e9 24 horas antes da retirada. Os cancelamentos feitos com menos de 24 horas de [&hellip;]\" \/>\n<meta property=\"og:url\" content=\"https:\/\/troutandwine.com\/pt-br\/politica-de-cancelamento\/\" \/>\n<meta property=\"og:site_name\" content=\"Trout &amp; Wine\" \/>\n<meta property=\"article:publisher\" content=\"https:\/\/www.facebook.com\/troutandwine\/\" \/>\n<meta property=\"article:modified_time\" content=\"2025-07-02T22:48:54+00:00\" \/>\n<meta property=\"og:image\" content=\"https:\/\/troutandwine.com\/wp-content\/uploads\/2025\/05\/logo-1.png\" \/>\n\t<meta property=\"og:image:width\" content=\"1000\" \/>\n\t<meta property=\"og:image:height\" content=\"1000\" \/>\n\t<meta property=\"og:image:type\" content=\"image\/png\" \/>\n<meta name=\"twitter:card\" content=\"summary_large_image\" \/>\n<meta name=\"twitter:label1\" content=\"Est. tempo de leitura\" \/>\n\t<meta name=\"twitter:data1\" content=\"1 minuto\" \/>\n<script type=\"application\/ld+json\" class=\"yoast-schema-graph\">{\"@context\":\"https:\\\/\\\/schema.org\",\"@graph\":[{\"@type\":\"WebPage\",\"@id\":\"https:\\\/\\\/troutandwine.com\\\/pt-br\\\/politica-de-cancelamento\\\/\",\"url\":\"https:\\\/\\\/troutandwine.com\\\/pt-br\\\/politica-de-cancelamento\\\/\",\"name\":\"Pol\u00edtica de cancelamento - Trout &amp; Wine\",\"isPartOf\":{\"@id\":\"https:\\\/\\\/limegreen-hornet-412731.hostingersite.com\\\/en\\\/#website\"},\"datePublished\":\"2025-05-22T20:57:23+00:00\",\"dateModified\":\"2025-07-02T22:48:54+00:00\",\"breadcrumb\":{\"@id\":\"https:\\\/\\\/troutandwine.com\\\/pt-br\\\/politica-de-cancelamento\\\/#breadcrumb\"},\"inLanguage\":\"pt-BR\",\"potentialAction\":[{\"@type\":\"ReadAction\",\"target\":[\"https:\\\/\\\/troutandwine.com\\\/pt-br\\\/politica-de-cancelamento\\\/\"]}]},{\"@type\":\"BreadcrumbList\",\"@id\":\"https:\\\/\\\/troutandwine.com\\\/pt-br\\\/politica-de-cancelamento\\\/#breadcrumb\",\"itemListElement\":[{\"@type\":\"ListItem\",\"position\":1,\"name\":\"Home\",\"item\":\"https:\\\/\\\/troutandwine.com\\\/pt-br\\\/\"},{\"@type\":\"ListItem\",\"position\":2,\"name\":\"Pol\u00edtica de cancelamento\"}]},{\"@type\":\"WebSite\",\"@id\":\"https:\\\/\\\/limegreen-hornet-412731.hostingersite.com\\\/en\\\/#website\",\"url\":\"https:\\\/\\\/limegreen-hornet-412731.hostingersite.com\\\/en\\\/\",\"name\":\"Trout and Wine\",\"description\":\"The Perfect Wine Tours\",\"publisher\":{\"@id\":\"https:\\\/\\\/limegreen-hornet-412731.hostingersite.com\\\/en\\\/#organization\"},\"potentialAction\":[{\"@type\":\"SearchAction\",\"target\":{\"@type\":\"EntryPoint\",\"urlTemplate\":\"https:\\\/\\\/limegreen-hornet-412731.hostingersite.com\\\/en\\\/?s={search_term_string}\"},\"query-input\":{\"@type\":\"PropertyValueSpecification\",\"valueRequired\":true,\"valueName\":\"search_term_string\"}}],\"inLanguage\":\"pt-BR\"},{\"@type\":\"Organization\",\"@id\":\"https:\\\/\\\/limegreen-hornet-412731.hostingersite.com\\\/en\\\/#organization\",\"name\":\"Trout and Wine\",\"url\":\"https:\\\/\\\/limegreen-hornet-412731.hostingersite.com\\\/en\\\/\",\"logo\":{\"@type\":\"ImageObject\",\"inLanguage\":\"pt-BR\",\"@id\":\"https:\\\/\\\/limegreen-hornet-412731.hostingersite.com\\\/en\\\/#\\\/schema\\\/logo\\\/image\\\/\",\"url\":\"https:\\\/\\\/placehold.co\\\/600x400\",\"contentUrl\":\"https:\\\/\\\/placehold.co\\\/600x400\",\"width\":900,\"height\":600,\"caption\":\"Trout and Wine\"},\"image\":{\"@id\":\"https:\\\/\\\/limegreen-hornet-412731.hostingersite.com\\\/en\\\/#\\\/schema\\\/logo\\\/image\\\/\"},\"sameAs\":[\"https:\\\/\\\/www.facebook.com\\\/troutandwine\\\/\",\"https:\\\/\\\/www.instagram.com\\\/troutandwinearg\\\/\",\"https:\\\/\\\/www.tripadvisor.com.ar\\\/Attraction_Review-g312781-d982478-Reviews-Trout_Wine_Tours-Mendoza_Province_of_Mendoza_Cuyo.html\"]}]}<\/script>\n<!-- \/ Yoast SEO plugin. -->","yoast_head_json":{"title":"Pol\u00edtica de cancelamento - Trout &amp; Wine","robots":{"index":"index","follow":"follow","max-snippet":"max-snippet:-1","max-image-preview":"max-image-preview:large","max-video-preview":"max-video-preview:-1"},"canonical":"https:\/\/troutandwine.com\/pt-br\/politica-de-cancelamento\/","og_locale":"pt_BR","og_type":"article","og_title":"Pol\u00edtica de cancelamento - Trout &amp; Wine","og_description":"Pol\u00edtica de cancelamento Entendemos que os planos de viagem podem mudar, e nosso objetivo \u00e9 ser o mais flex\u00edvel poss\u00edvel dentro das limita\u00e7\u00f5es de nossas opera\u00e7\u00f5es. Leia atentamente nossa pol\u00edtica de cancelamento: Passeios em grupo O cancelamento gratuito est\u00e1 dispon\u00edvel at\u00e9 24 horas antes da retirada. Os cancelamentos feitos com menos de 24 horas de [&hellip;]","og_url":"https:\/\/troutandwine.com\/pt-br\/politica-de-cancelamento\/","og_site_name":"Trout &amp; Wine","article_publisher":"https:\/\/www.facebook.com\/troutandwine\/","article_modified_time":"2025-07-02T22:48:54+00:00","og_image":[{"width":1000,"height":1000,"url":"https:\/\/troutandwine.com\/wp-content\/uploads\/2025\/05\/logo-1.png","type":"image\/png"}],"twitter_card":"summary_large_image","twitter_misc":{"Est. tempo de leitura":"1 minuto"},"schema":{"@context":"https:\/\/schema.org","@graph":[{"@type":"WebPage","@id":"https:\/\/troutandwine.com\/pt-br\/politica-de-cancelamento\/","url":"https:\/\/troutandwine.com\/pt-br\/politica-de-cancelamento\/","name":"Pol\u00edtica de cancelamento - Trout &amp; Wine","isPartOf":{"@id":"https:\/\/limegreen-hornet-412731.hostingersite.com\/en\/#website"},"datePublished":"2025-05-22T20:57:23+00:00","dateModified":"2025-07-02T22:48:54+00:00","breadcrumb":{"@id":"https:\/\/troutandwine.com\/pt-br\/politica-de-cancelamento\/#breadcrumb"},"inLanguage":"pt-BR","potentialAction":[{"@type":"ReadAction","target":["https:\/\/troutandwine.com\/pt-br\/politica-de-cancelamento\/"]}]},{"@type":"BreadcrumbList","@id":"https:\/\/troutandwine.com\/pt-br\/politica-de-cancelamento\/#breadcrumb","itemListElement":[{"@type":"ListItem","position":1,"name":"Home","item":"https:\/\/troutandwine.com\/pt-br\/"},{"@type":"ListItem","position":2,"name":"Pol\u00edtica de cancelamento"}]},{"@type":"WebSite","@id":"https:\/\/limegreen-hornet-412731.hostingersite.com\/en\/#website","url":"https:\/\/limegreen-hornet-412731.hostingersite.com\/en\/","name":"Trout and Wine","description":"The Perfect Wine Tours","publisher":{"@id":"https:\/\/limegreen-hornet-412731.hostingersite.com\/en\/#organization"},"potentialAction":[{"@type":"SearchAction","target":{"@type":"EntryPoint","urlTemplate":"https:\/\/limegreen-hornet-412731.hostingersite.com\/en\/?s={search_term_string}"},"query-input":{"@type":"PropertyValueSpecification","valueRequired":true,"valueName":"search_term_string"}}],"inLanguage":"pt-BR"},{"@type":"Organization","@id":"https:\/\/limegreen-hornet-412731.hostingersite.com\/en\/#organization","name":"Trout and Wine","url":"https:\/\/limegreen-hornet-412731.hostingersite.com\/en\/","logo":{"@type":"ImageObject","inLanguage":"pt-BR","@id":"https:\/\/limegreen-hornet-412731.hostingersite.com\/en\/#\/schema\/logo\/image\/","url":"https:\/\/placehold.co\/600x400","contentUrl":"https:\/\/placehold.co\/600x400","width":900,"height":600,"caption":"Trout and Wine"},"image":{"@id":"https:\/\/limegreen-hornet-412731.hostingersite.com\/en\/#\/schema\/logo\/image\/"},"sameAs":["https:\/\/www.facebook.com\/troutandwine\/","https:\/\/www.instagram.com\/troutandwinearg\/","https:\/\/www.tripadvisor.com.ar\/Attraction_Review-g312781-d982478-Reviews-Trout_Wine_Tours-Mendoza_Province_of_Mendoza_Cuyo.html"]}]}},"_links":{"self":[{"href":"https:\/\/troutandwine.com\/pt-br\/wp-json\/wp\/v2\/pages\/12208","targetHints":{"allow":["GET"]}}],"collection":[{"href":"https:\/\/troutandwine.com\/pt-br\/wp-json\/wp\/v2\/pages"}],"about":[{"href":"https:\/\/troutandwine.com\/pt-br\/wp-json\/wp\/v2\/types\/page"}],"author":[{"embeddable":true,"href":"https:\/\/troutandwine.com\/pt-br\/wp-json\/wp\/v2\/users\/1"}],"replies":[{"embeddable":true,"href":"https:\/\/troutandwine.com\/pt-br\/wp-json\/wp\/v2\/comments?post=12208"}],"version-history":[{"count":1,"href":"https:\/\/troutandwine.com\/pt-br\/wp-json\/wp\/v2\/pages\/12208\/revisions"}],"predecessor-version":[{"id":12209,"href":"https:\/\/troutandwine.com\/pt-br\/wp-json\/wp\/v2\/pages\/12208\/revisions\/12209"}],"wp:attachment":[{"href":"https:\/\/troutandwine.com\/pt-br\/wp-json\/wp\/v2\/media?parent=12208"}],"curies":[{"name":"wp","href":"https:\/\/api.w.org\/{rel}","templated":true}]}}