{"id":12212,"date":"2020-04-23T04:01:32","date_gmt":"2020-04-23T07:01:32","guid":{"rendered":"https:\/\/new.troutandwine.com\/rodape-solo\/"},"modified":"2025-07-22T16:15:50","modified_gmt":"2025-07-22T19:15:50","slug":"footer-solo","status":"publish","type":"page","link":"https:\/\/troutandwine.com\/pt-br\/footer-solo\/","title":{"rendered":"footer-solo"},"content":{"rendered":"\t\t<div data-elementor-type=\"wp-page\" data-elementor-id=\"12212\" class=\"elementor elementor-12212 elementor-8326\">\n\t\t\t\t<div class=\"elementor-element elementor-element-5d456f9 e-flex e-con-boxed e-con e-parent\" data-id=\"5d456f9\" data-element_type=\"container\" data-e-type=\"container\" data-settings=\"{&quot;background_background&quot;:&quot;classic&quot;}\">\n\t\t\t\t\t<div class=\"e-con-inner\">\n\t\t<div class=\"elementor-element elementor-element-902f7fd e-con-full e-flex e-con e-child\" data-id=\"902f7fd\" data-element_type=\"container\" data-e-type=\"container\">\n\t\t<div class=\"elementor-element elementor-element-49f6f0ba e-con-full e-flex e-con e-child\" data-id=\"49f6f0ba\" data-element_type=\"container\" data-e-type=\"container\">\n\t\t\t\t<div class=\"elementor-element elementor-element-71f3a63 elementor-widget elementor-widget-image\" data-id=\"71f3a63\" data-element_type=\"widget\" data-e-type=\"widget\" data-widget_type=\"image.default\">\n\t\t\t\t<div class=\"elementor-widget-container\">\n\t\t\t\t\t\t\t\t\t\t\t\t\t\t\t<img fetchpriority=\"high\" decoding=\"async\" width=\"768\" height=\"768\" src=\"https:\/\/troutandwine.com\/wp-content\/uploads\/2025\/05\/cropped-logo-1-768x768.png\" class=\"attachment-medium_large size-medium_large wp-image-11043\" alt=\"\" srcset=\"https:\/\/troutandwine.com\/wp-content\/uploads\/2025\/05\/cropped-logo-1-768x768.png 768w, https:\/\/troutandwine.com\/wp-content\/uploads\/2025\/05\/cropped-logo-1-300x300.png 300w, https:\/\/troutandwine.com\/wp-content\/uploads\/2025\/05\/cropped-logo-1-1024x1024.png 1024w, https:\/\/troutandwine.com\/wp-content\/uploads\/2025\/05\/cropped-logo-1-150x150.png 150w, https:\/\/troutandwine.com\/wp-content\/uploads\/2025\/05\/cropped-logo-1-1536x1536.png 1536w, https:\/\/troutandwine.com\/wp-content\/uploads\/2025\/05\/cropped-logo-1-2048x2048.png 2048w, https:\/\/troutandwine.com\/wp-content\/uploads\/2025\/05\/cropped-logo-1-270x270.png 270w, https:\/\/troutandwine.com\/wp-content\/uploads\/2025\/05\/cropped-logo-1-192x192.png 192w, https:\/\/troutandwine.com\/wp-content\/uploads\/2025\/05\/cropped-logo-1-180x180.png 180w, https:\/\/troutandwine.com\/wp-content\/uploads\/2025\/05\/cropped-logo-1-32x32.png 32w, https:\/\/troutandwine.com\/wp-content\/uploads\/2025\/05\/cropped-logo-1.png 512w\" sizes=\"(max-width: 768px) 100vw, 768px\" \/>\t\t\t\t\t\t\t\t\t\t\t\t\t\t\t<\/div>\n\t\t\t\t<\/div>\n\t\t\t\t<\/div>\n\t\t<div class=\"elementor-element elementor-element-371c5234 e-con-full e-flex e-con e-child\" data-id=\"371c5234\" data-element_type=\"container\" data-e-type=\"container\">\n\t\t\t\t<div class=\"elementor-element elementor-element-70264b46 elementor-widget elementor-widget-heading\" data-id=\"70264b46\" data-element_type=\"widget\" data-e-type=\"widget\" data-widget_type=\"heading.default\">\n\t\t\t\t<div class=\"elementor-widget-container\">\n\t\t\t\t\t<div class=\"elementor-heading-title elementor-size-default\">CONTATO<\/div>\t\t\t\t<\/div>\n\t\t\t\t<\/div>\n\t\t\t\t<div class=\"elementor-element elementor-element-36ee4e64 elementor-icon-list--layout-traditional elementor-list-item-link-full_width elementor-widget elementor-widget-icon-list\" data-id=\"36ee4e64\" data-element_type=\"widget\" data-e-type=\"widget\" data-widget_type=\"icon-list.default\">\n\t\t\t\t<div class=\"elementor-widget-container\">\n\t\t\t\t\t\t\t<ul class=\"elementor-icon-list-items\">\n\t\t\t\t\t\t\t<li class=\"elementor-icon-list-item\">\n\t\t\t\t\t\t\t\t\t\t\t<a href=\"http:\/\/wa.me\/5492615781616\" target=\"_blank\" rel=\"nofollow\">\n\n\t\t\t\t\t\t\t\t\t\t\t\t<span class=\"elementor-icon-list-icon\">\n\t\t\t\t\t\t\t<svg aria-hidden=\"true\" class=\"e-font-icon-svg e-fab-whatsapp\" viewBox=\"0 0 448 512\" xmlns=\"http:\/\/www.w3.org\/2000\/svg\"><path d=\"M380.9 97.1C339 55.1 283.2 32 223.9 32c-122.4 0-222 99.6-222 222 0 39.1 10.2 77.3 29.6 111L0 480l117.7-30.9c32.4 17.7 68.9 27 106.1 27h.1c122.3 0 224.1-99.6 224.1-222 0-59.3-25.2-115-67.1-157zm-157 341.6c-33.2 0-65.7-8.9-94-25.7l-6.7-4-69.8 18.3L72 359.2l-4.4-7c-18.5-29.4-28.2-63.3-28.2-98.2 0-101.7 82.8-184.5 184.6-184.5 49.3 0 95.6 19.2 130.4 54.1 34.8 34.9 56.2 81.2 56.1 130.5 0 101.8-84.9 184.6-186.6 184.6zm101.2-138.2c-5.5-2.8-32.8-16.2-37.9-18-5.1-1.9-8.8-2.8-12.5 2.8-3.7 5.6-14.3 18-17.6 21.8-3.2 3.7-6.5 4.2-12 1.4-32.6-16.3-54-29.1-75.5-66-5.7-9.8 5.7-9.1 16.3-30.3 1.8-3.7.9-6.9-.5-9.7-1.4-2.8-12.5-30.1-17.1-41.2-4.5-10.8-9.1-9.3-12.5-9.5-3.2-.2-6.9-.2-10.6-.2-3.7 0-9.7 1.4-14.8 6.9-5.1 5.6-19.4 19-19.4 46.3 0 27.3 19.9 53.7 22.6 57.4 2.8 3.7 39.1 59.7 94.8 83.8 35.2 15.2 49 16.5 66.6 13.9 10.7-1.6 32.8-13.4 37.4-26.4 4.6-13 4.6-24.1 3.2-26.4-1.3-2.5-5-3.9-10.5-6.6z\"><\/path><\/svg>\t\t\t\t\t\t<\/span>\n\t\t\t\t\t\t\t\t\t\t<span class=\"elementor-icon-list-text\">(+54 9) 261 578-1616<\/span>\n\t\t\t\t\t\t\t\t\t\t\t<\/a>\n\t\t\t\t\t\t\t\t\t<\/li>\n\t\t\t\t\t\t\t\t<li class=\"elementor-icon-list-item\">\n\t\t\t\t\t\t\t\t\t\t\t<a href=\"mailto:ask@troutandwine.com\" target=\"_blank\" rel=\"nofollow\">\n\n\t\t\t\t\t\t\t\t\t\t\t\t<span class=\"elementor-icon-list-icon\">\n\t\t\t\t\t\t\t<svg aria-hidden=\"true\" class=\"e-font-icon-svg e-fas-envelope\" viewBox=\"0 0 512 512\" xmlns=\"http:\/\/www.w3.org\/2000\/svg\"><path d=\"M502.3 190.8c3.9-3.1 9.7-.2 9.7 4.7V400c0 26.5-21.5 48-48 48H48c-26.5 0-48-21.5-48-48V195.6c0-5 5.7-7.8 9.7-4.7 22.4 17.4 52.1 39.5 154.1 113.6 21.1 15.4 56.7 47.8 92.2 47.6 35.7.3 72-32.8 92.3-47.6 102-74.1 131.6-96.3 154-113.7zM256 320c23.2.4 56.6-29.2 73.4-41.4 132.7-96.3 142.8-104.7 173.4-128.7 5.8-4.5 9.2-11.5 9.2-18.9v-19c0-26.5-21.5-48-48-48H48C21.5 64 0 85.5 0 112v19c0 7.4 3.4 14.3 9.2 18.9 30.6 23.9 40.7 32.4 173.4 128.7 16.8 12.2 50.2 41.8 73.4 41.4z\"><\/path><\/svg>\t\t\t\t\t\t<\/span>\n\t\t\t\t\t\t\t\t\t\t<span class=\"elementor-icon-list-text\">ask@troutandwine.com<\/span>\n\t\t\t\t\t\t\t\t\t\t\t<\/a>\n\t\t\t\t\t\t\t\t\t<\/li>\n\t\t\t\t\t\t\t\t<li class=\"elementor-icon-list-item\">\n\t\t\t\t\t\t\t\t\t\t\t<a href=\"https:\/\/www.facebook.com\/troutandwine\/\" target=\"_blank\" rel=\"nofollow\">\n\n\t\t\t\t\t\t\t\t\t\t\t\t<span class=\"elementor-icon-list-icon\">\n\t\t\t\t\t\t\t<svg aria-hidden=\"true\" class=\"e-font-icon-svg e-fab-facebook\" viewBox=\"0 0 512 512\" xmlns=\"http:\/\/www.w3.org\/2000\/svg\"><path d=\"M504 256C504 119 393 8 256 8S8 119 8 256c0 123.78 90.69 226.38 209.25 245V327.69h-63V256h63v-54.64c0-62.15 37-96.48 93.67-96.48 27.14 0 55.52 4.84 55.52 4.84v61h-31.28c-30.8 0-40.41 19.12-40.41 38.73V256h68.78l-11 71.69h-57.78V501C413.31 482.38 504 379.78 504 256z\"><\/path><\/svg>\t\t\t\t\t\t<\/span>\n\t\t\t\t\t\t\t\t\t\t<span class=\"elementor-icon-list-text\">Facebook<\/span>\n\t\t\t\t\t\t\t\t\t\t\t<\/a>\n\t\t\t\t\t\t\t\t\t<\/li>\n\t\t\t\t\t\t\t\t<li class=\"elementor-icon-list-item\">\n\t\t\t\t\t\t\t\t\t\t\t<a href=\"https:\/\/www.instagram.com\/troutandwinearg\/\" target=\"_blank\" rel=\"nofollow\">\n\n\t\t\t\t\t\t\t\t\t\t\t\t<span class=\"elementor-icon-list-icon\">\n\t\t\t\t\t\t\t<svg aria-hidden=\"true\" class=\"e-font-icon-svg e-fab-instagram\" viewBox=\"0 0 448 512\" xmlns=\"http:\/\/www.w3.org\/2000\/svg\"><path d=\"M224.1 141c-63.6 0-114.9 51.3-114.9 114.9s51.3 114.9 114.9 114.9S339 319.5 339 255.9 287.7 141 224.1 141zm0 189.6c-41.1 0-74.7-33.5-74.7-74.7s33.5-74.7 74.7-74.7 74.7 33.5 74.7 74.7-33.6 74.7-74.7 74.7zm146.4-194.3c0 14.9-12 26.8-26.8 26.8-14.9 0-26.8-12-26.8-26.8s12-26.8 26.8-26.8 26.8 12 26.8 26.8zm76.1 27.2c-1.7-35.9-9.9-67.7-36.2-93.9-26.2-26.2-58-34.4-93.9-36.2-37-2.1-147.9-2.1-184.9 0-35.8 1.7-67.6 9.9-93.9 36.1s-34.4 58-36.2 93.9c-2.1 37-2.1 147.9 0 184.9 1.7 35.9 9.9 67.7 36.2 93.9s58 34.4 93.9 36.2c37 2.1 147.9 2.1 184.9 0 35.9-1.7 67.7-9.9 93.9-36.2 26.2-26.2 34.4-58 36.2-93.9 2.1-37 2.1-147.8 0-184.8zM398.8 388c-7.8 19.6-22.9 34.7-42.6 42.6-29.5 11.7-99.5 9-132.1 9s-102.7 2.6-132.1-9c-19.6-7.8-34.7-22.9-42.6-42.6-11.7-29.5-9-99.5-9-132.1s-2.6-102.7 9-132.1c7.8-19.6 22.9-34.7 42.6-42.6 29.5-11.7 99.5-9 132.1-9s102.7-2.6 132.1 9c19.6 7.8 34.7 22.9 42.6 42.6 11.7 29.5 9 99.5 9 132.1s2.7 102.7-9 132.1z\"><\/path><\/svg>\t\t\t\t\t\t<\/span>\n\t\t\t\t\t\t\t\t\t\t<span class=\"elementor-icon-list-text\">Instagram<\/span>\n\t\t\t\t\t\t\t\t\t\t\t<\/a>\n\t\t\t\t\t\t\t\t\t<\/li>\n\t\t\t\t\t\t\t\t<li class=\"elementor-icon-list-item\">\n\t\t\t\t\t\t\t\t\t\t\t<a href=\"https:\/\/www.tripadvisor.com.ar\/Attraction_Review-g312781-d982478-Reviews-Trout_Wine_Tours-Mendoza_Province_of_Mendoza_Cuyo.html\" target=\"_blank\" rel=\"nofollow\">\n\n\t\t\t\t\t\t\t\t\t\t\t\t<span class=\"elementor-icon-list-icon\">\n\t\t\t\t\t\t\t<svg aria-hidden=\"true\" class=\"e-font-icon-svg e-fab-tripadvisor\" viewBox=\"0 0 576 512\" xmlns=\"http:\/\/www.w3.org\/2000\/svg\"><path d=\"M528.91,178.82,576,127.58H471.66a326.11,326.11,0,0,0-367,0H0l47.09,51.24A143.911,143.911,0,0,0,241.86,390.73L288,440.93l46.11-50.17A143.94,143.94,0,0,0,575.88,285.18h-.03A143.56,143.56,0,0,0,528.91,178.82ZM144.06,382.57a97.39,97.39,0,1,1,97.39-97.39A97.39,97.39,0,0,1,144.06,382.57ZM288,282.37c0-64.09-46.62-119.08-108.09-142.59a281,281,0,0,1,216.17,0C334.61,163.3,288,218.29,288,282.37Zm143.88,100.2h-.01a97.405,97.405,0,1,1,.01,0ZM144.06,234.12h-.01a51.06,51.06,0,1,0,51.06,51.06v-.11A51,51,0,0,0,144.06,234.12Zm287.82,0a51.06,51.06,0,1,0,51.06,51.06A51.06,51.06,0,0,0,431.88,234.12Z\"><\/path><\/svg>\t\t\t\t\t\t<\/span>\n\t\t\t\t\t\t\t\t\t\t<span class=\"elementor-icon-list-text\">Tripadvisor<\/span>\n\t\t\t\t\t\t\t\t\t\t\t<\/a>\n\t\t\t\t\t\t\t\t\t<\/li>\n\t\t\t\t\t\t<\/ul>\n\t\t\t\t\t\t<\/div>\n\t\t\t\t<\/div>\n\t\t\t\t<\/div>\n\t\t<div class=\"elementor-element elementor-element-7a0ec479 e-con-full e-flex e-con e-child\" data-id=\"7a0ec479\" data-element_type=\"container\" data-e-type=\"container\">\n\t\t\t\t<div class=\"elementor-element elementor-element-2fbaa7fc elementor-widget elementor-widget-heading\" data-id=\"2fbaa7fc\" data-element_type=\"widget\" data-e-type=\"widget\" data-widget_type=\"heading.default\">\n\t\t\t\t<div class=\"elementor-widget-container\">\n\t\t\t\t\t<div class=\"elementor-heading-title elementor-size-default\">P\u00c1GINAS \u00daTEIS<\/div>\t\t\t\t<\/div>\n\t\t\t\t<\/div>\n\t\t\t\t<div class=\"elementor-element elementor-element-2b140c89 elementor-icon-list--layout-traditional elementor-list-item-link-full_width elementor-widget elementor-widget-icon-list\" data-id=\"2b140c89\" data-element_type=\"widget\" data-e-type=\"widget\" data-widget_type=\"icon-list.default\">\n\t\t\t\t<div class=\"elementor-widget-container\">\n\t\t\t\t\t\t\t<ul class=\"elementor-icon-list-items\">\n\t\t\t\t\t\t\t<li class=\"elementor-icon-list-item\">\n\t\t\t\t\t\t\t\t\t\t\t<a href=\"https:\/\/troutandwine.com\/pt-br\/about-us\/\">\n\n\t\t\t\t\t\t\t\t\t\t\t<span class=\"elementor-icon-list-text\">Sobre n\u00f3s<\/span>\n\t\t\t\t\t\t\t\t\t\t\t<\/a>\n\t\t\t\t\t\t\t\t\t<\/li>\n\t\t\t\t\t\t\t\t<li class=\"elementor-icon-list-item\">\n\t\t\t\t\t\t\t\t\t\t\t<a href=\"https:\/\/troutandwine.com\/pt-br\/faq\/\">\n\n\t\t\t\t\t\t\t\t\t\t\t<span class=\"elementor-icon-list-text\">FAQs<\/span>\n\t\t\t\t\t\t\t\t\t\t\t<\/a>\n\t\t\t\t\t\t\t\t\t<\/li>\n\t\t\t\t\t\t\t\t<li class=\"elementor-icon-list-item\">\n\t\t\t\t\t\t\t\t\t\t\t<a href=\"https:\/\/troutandwine.com\/pt-br\/politica-de-cancelamento\/\">\n\n\t\t\t\t\t\t\t\t\t\t\t<span class=\"elementor-icon-list-text\">Pol\u00edtica de cancelamento<\/span>\n\t\t\t\t\t\t\t\t\t\t\t<\/a>\n\t\t\t\t\t\t\t\t\t<\/li>\n\t\t\t\t\t\t\t\t<li class=\"elementor-icon-list-item\">\n\t\t\t\t\t\t\t\t\t\t\t<a href=\"https:\/\/troutandwine.com\/pt-br\/wineries-in-mendoza\/\">\n\n\t\t\t\t\t\t\t\t\t\t\t<span class=\"elementor-icon-list-text\">Vin\u00edcolas em Mendoza<\/span>\n\t\t\t\t\t\t\t\t\t\t\t<\/a>\n\t\t\t\t\t\t\t\t\t<\/li>\n\t\t\t\t\t\t\t\t<li class=\"elementor-icon-list-item\">\n\t\t\t\t\t\t\t\t\t\t\t<a href=\"https:\/\/troutandwine.com\/pt-br\/blog\/\">\n\n\t\t\t\t\t\t\t\t\t\t\t<span class=\"elementor-icon-list-text\">Blog<\/span>\n\t\t\t\t\t\t\t\t\t\t\t<\/a>\n\t\t\t\t\t\t\t\t\t<\/li>\n\t\t\t\t\t\t<\/ul>\n\t\t\t\t\t\t<\/div>\n\t\t\t\t<\/div>\n\t\t\t\t<\/div>\n\t\t<div class=\"elementor-element elementor-element-6958d63c e-con-full e-flex e-con e-child\" data-id=\"6958d63c\" data-element_type=\"container\" data-e-type=\"container\">\n\t\t\t\t<div class=\"elementor-element elementor-element-7604b45b elementor-widget__width-initial elementor-widget elementor-widget-heading\" data-id=\"7604b45b\" data-element_type=\"widget\" data-e-type=\"widget\" data-widget_type=\"heading.default\">\n\t\t\t\t<div class=\"elementor-widget-container\">\n\t\t\t\t\t<div class=\"elementor-heading-title elementor-size-default\">PASSEIOS<\/div>\t\t\t\t<\/div>\n\t\t\t\t<\/div>\n\t\t\t\t<div class=\"elementor-element elementor-element-6b2ff40b elementor-icon-list--layout-traditional elementor-list-item-link-full_width elementor-widget elementor-widget-icon-list\" data-id=\"6b2ff40b\" data-element_type=\"widget\" data-e-type=\"widget\" data-widget_type=\"icon-list.default\">\n\t\t\t\t<div class=\"elementor-widget-container\">\n\t\t\t\t\t\t\t<ul class=\"elementor-icon-list-items\">\n\t\t\t\t\t\t\t<li class=\"elementor-icon-list-item\">\n\t\t\t\t\t\t\t\t\t\t\t<a href=\"https:\/\/troutandwine.com\/pt-br\/reserve-agora\/\">\n\n\t\t\t\t\t\t\t\t\t\t\t<span class=\"elementor-icon-list-text\">Reserve agora<\/span>\n\t\t\t\t\t\t\t\t\t\t\t<\/a>\n\t\t\t\t\t\t\t\t\t<\/li>\n\t\t\t\t\t\t\t\t<li class=\"elementor-icon-list-item\">\n\t\t\t\t\t\t\t\t\t\t\t<a href=\"https:\/\/troutandwine.com\/pt-br\/passeios-particulares\/\">\n\n\t\t\t\t\t\t\t\t\t\t\t<span class=\"elementor-icon-list-text\">Passeios particulares<\/span>\n\t\t\t\t\t\t\t\t\t\t\t<\/a>\n\t\t\t\t\t\t\t\t\t<\/li>\n\t\t\t\t\t\t\t\t<li class=\"elementor-icon-list-item\">\n\t\t\t\t\t\t\t\t\t\t\t<a href=\"https:\/\/troutandwine.com\/pt-br\/passeios-pequenos-grupos\/\">\n\n\t\t\t\t\t\t\t\t\t\t\t<span class=\"elementor-icon-list-text\">Pequenos grupos<\/span>\n\t\t\t\t\t\t\t\t\t\t\t<\/a>\n\t\t\t\t\t\t\t\t\t<\/li>\n\t\t\t\t\t\t<\/ul>\n\t\t\t\t\t\t<\/div>\n\t\t\t\t<\/div>\n\t\t\t\t<\/div>\n\t\t\t\t<\/div>\n\t\t\t\t\t<\/div>\n\t\t\t\t<\/div>\n\t\t\t\t<\/div>\n\t\t","protected":false},"excerpt":{"rendered":"<p>CONTATO (+54 9) 261 578-1616 ask@troutandwine.com Facebook Instagram Tripadvisor P\u00c1GINAS \u00daTEIS Sobre n\u00f3s FAQs Pol\u00edtica de cancelamento Vin\u00edcolas em Mendoza Blog PASSEIOS Reserve agora Passeios particulares Pequenos grupos<\/p>\n","protected":false},"author":1,"featured_media":0,"parent":0,"menu_order":0,"comment_status":"closed","ping_status":"closed","template":"","meta":{"footnotes":""},"class_list":["post-12212","page","type-page","status-publish","has-post-thumbnail","hentry"],"yoast_head":"<!-- This site is optimized with the Yoast SEO plugin v27.3 - https:\/\/yoast.com\/product\/yoast-seo-wordpress\/ -->\n<title>footer-solo - Trout &amp; Wine<\/title>\n<meta name=\"robots\" content=\"index, follow, max-snippet:-1, max-image-preview:large, max-video-preview:-1\" \/>\n<link rel=\"canonical\" href=\"https:\/\/troutandwine.com\/pt-br\/footer-solo\/\" \/>\n<meta property=\"og:locale\" content=\"pt_BR\" \/>\n<meta property=\"og:type\" content=\"article\" \/>\n<meta property=\"og:title\" content=\"footer-solo - Trout &amp; Wine\" \/>\n<meta property=\"og:description\" content=\"CONTATO (+54 9) 261 578-1616 ask@troutandwine.com Facebook Instagram Tripadvisor P\u00c1GINAS \u00daTEIS Sobre n\u00f3s FAQs Pol\u00edtica de cancelamento Vin\u00edcolas em Mendoza Blog PASSEIOS Reserve agora Passeios particulares Pequenos grupos\" \/>\n<meta property=\"og:url\" content=\"https:\/\/troutandwine.com\/pt-br\/footer-solo\/\" \/>\n<meta property=\"og:site_name\" content=\"Trout &amp; Wine\" \/>\n<meta property=\"article:publisher\" content=\"https:\/\/www.facebook.com\/troutandwine\/\" \/>\n<meta property=\"article:modified_time\" content=\"2025-07-22T19:15:50+00:00\" \/>\n<meta property=\"og:image\" content=\"https:\/\/troutandwine.com\/wp-content\/uploads\/2025\/05\/cropped-logo-1-768x768.png\" \/>\n<meta name=\"twitter:card\" content=\"summary_large_image\" \/>\n<meta name=\"twitter:label1\" content=\"Est. tempo de leitura\" \/>\n\t<meta name=\"twitter:data1\" content=\"1 minuto\" \/>\n<script type=\"application\/ld+json\" class=\"yoast-schema-graph\">{\"@context\":\"https:\\\/\\\/schema.org\",\"@graph\":[{\"@type\":\"WebPage\",\"@id\":\"https:\\\/\\\/troutandwine.com\\\/pt-br\\\/footer-solo\\\/\",\"url\":\"https:\\\/\\\/troutandwine.com\\\/pt-br\\\/footer-solo\\\/\",\"name\":\"footer-solo - Trout &amp; Wine\",\"isPartOf\":{\"@id\":\"https:\\\/\\\/limegreen-hornet-412731.hostingersite.com\\\/en\\\/#website\"},\"primaryImageOfPage\":{\"@id\":\"https:\\\/\\\/troutandwine.com\\\/pt-br\\\/footer-solo\\\/#primaryimage\"},\"image\":{\"@id\":\"https:\\\/\\\/troutandwine.com\\\/pt-br\\\/footer-solo\\\/#primaryimage\"},\"thumbnailUrl\":\"https:\\\/\\\/troutandwine.com\\\/wp-content\\\/uploads\\\/2025\\\/05\\\/cropped-logo-1-768x768.png\",\"datePublished\":\"2020-04-23T07:01:32+00:00\",\"dateModified\":\"2025-07-22T19:15:50+00:00\",\"breadcrumb\":{\"@id\":\"https:\\\/\\\/troutandwine.com\\\/pt-br\\\/footer-solo\\\/#breadcrumb\"},\"inLanguage\":\"pt-BR\",\"potentialAction\":[{\"@type\":\"ReadAction\",\"target\":[\"https:\\\/\\\/troutandwine.com\\\/pt-br\\\/footer-solo\\\/\"]}]},{\"@type\":\"ImageObject\",\"inLanguage\":\"pt-BR\",\"@id\":\"https:\\\/\\\/troutandwine.com\\\/pt-br\\\/footer-solo\\\/#primaryimage\",\"url\":\"https:\\\/\\\/troutandwine.com\\\/wp-content\\\/uploads\\\/2025\\\/05\\\/cropped-logo-1-768x768.png\",\"contentUrl\":\"https:\\\/\\\/troutandwine.com\\\/wp-content\\\/uploads\\\/2025\\\/05\\\/cropped-logo-1-768x768.png\"},{\"@type\":\"BreadcrumbList\",\"@id\":\"https:\\\/\\\/troutandwine.com\\\/pt-br\\\/footer-solo\\\/#breadcrumb\",\"itemListElement\":[{\"@type\":\"ListItem\",\"position\":1,\"name\":\"Home\",\"item\":\"https:\\\/\\\/troutandwine.com\\\/pt-br\\\/\"},{\"@type\":\"ListItem\",\"position\":2,\"name\":\"footer-solo\"}]},{\"@type\":\"WebSite\",\"@id\":\"https:\\\/\\\/limegreen-hornet-412731.hostingersite.com\\\/en\\\/#website\",\"url\":\"https:\\\/\\\/limegreen-hornet-412731.hostingersite.com\\\/en\\\/\",\"name\":\"Trout and Wine\",\"description\":\"The Perfect Wine Tours\",\"publisher\":{\"@id\":\"https:\\\/\\\/limegreen-hornet-412731.hostingersite.com\\\/en\\\/#organization\"},\"potentialAction\":[{\"@type\":\"SearchAction\",\"target\":{\"@type\":\"EntryPoint\",\"urlTemplate\":\"https:\\\/\\\/limegreen-hornet-412731.hostingersite.com\\\/en\\\/?s={search_term_string}\"},\"query-input\":{\"@type\":\"PropertyValueSpecification\",\"valueRequired\":true,\"valueName\":\"search_term_string\"}}],\"inLanguage\":\"pt-BR\"},{\"@type\":\"Organization\",\"@id\":\"https:\\\/\\\/limegreen-hornet-412731.hostingersite.com\\\/en\\\/#organization\",\"name\":\"Trout and Wine\",\"url\":\"https:\\\/\\\/limegreen-hornet-412731.hostingersite.com\\\/en\\\/\",\"logo\":{\"@type\":\"ImageObject\",\"inLanguage\":\"pt-BR\",\"@id\":\"https:\\\/\\\/limegreen-hornet-412731.hostingersite.com\\\/en\\\/#\\\/schema\\\/logo\\\/image\\\/\",\"url\":\"https:\\\/\\\/placehold.co\\\/600x400\",\"contentUrl\":\"https:\\\/\\\/placehold.co\\\/600x400\",\"width\":900,\"height\":600,\"caption\":\"Trout and Wine\"},\"image\":{\"@id\":\"https:\\\/\\\/limegreen-hornet-412731.hostingersite.com\\\/en\\\/#\\\/schema\\\/logo\\\/image\\\/\"},\"sameAs\":[\"https:\\\/\\\/www.facebook.com\\\/troutandwine\\\/\",\"https:\\\/\\\/www.instagram.com\\\/troutandwinearg\\\/\",\"https:\\\/\\\/www.tripadvisor.com.ar\\\/Attraction_Review-g312781-d982478-Reviews-Trout_Wine_Tours-Mendoza_Province_of_Mendoza_Cuyo.html\"]}]}<\/script>\n<!-- \/ Yoast SEO plugin. -->","yoast_head_json":{"title":"footer-solo - Trout &amp; Wine","robots":{"index":"index","follow":"follow","max-snippet":"max-snippet:-1","max-image-preview":"max-image-preview:large","max-video-preview":"max-video-preview:-1"},"canonical":"https:\/\/troutandwine.com\/pt-br\/footer-solo\/","og_locale":"pt_BR","og_type":"article","og_title":"footer-solo - Trout &amp; Wine","og_description":"CONTATO (+54 9) 261 578-1616 ask@troutandwine.com Facebook Instagram Tripadvisor P\u00c1GINAS \u00daTEIS Sobre n\u00f3s FAQs Pol\u00edtica de cancelamento Vin\u00edcolas em Mendoza Blog PASSEIOS Reserve agora Passeios particulares Pequenos grupos","og_url":"https:\/\/troutandwine.com\/pt-br\/footer-solo\/","og_site_name":"Trout &amp; Wine","article_publisher":"https:\/\/www.facebook.com\/troutandwine\/","article_modified_time":"2025-07-22T19:15:50+00:00","og_image":[{"url":"https:\/\/troutandwine.com\/wp-content\/uploads\/2025\/05\/cropped-logo-1-768x768.png","type":"","width":"","height":""}],"twitter_card":"summary_large_image","twitter_misc":{"Est. tempo de leitura":"1 minuto"},"schema":{"@context":"https:\/\/schema.org","@graph":[{"@type":"WebPage","@id":"https:\/\/troutandwine.com\/pt-br\/footer-solo\/","url":"https:\/\/troutandwine.com\/pt-br\/footer-solo\/","name":"footer-solo - Trout &amp; Wine","isPartOf":{"@id":"https:\/\/limegreen-hornet-412731.hostingersite.com\/en\/#website"},"primaryImageOfPage":{"@id":"https:\/\/troutandwine.com\/pt-br\/footer-solo\/#primaryimage"},"image":{"@id":"https:\/\/troutandwine.com\/pt-br\/footer-solo\/#primaryimage"},"thumbnailUrl":"https:\/\/troutandwine.com\/wp-content\/uploads\/2025\/05\/cropped-logo-1-768x768.png","datePublished":"2020-04-23T07:01:32+00:00","dateModified":"2025-07-22T19:15:50+00:00","breadcrumb":{"@id":"https:\/\/troutandwine.com\/pt-br\/footer-solo\/#breadcrumb"},"inLanguage":"pt-BR","potentialAction":[{"@type":"ReadAction","target":["https:\/\/troutandwine.com\/pt-br\/footer-solo\/"]}]},{"@type":"ImageObject","inLanguage":"pt-BR","@id":"https:\/\/troutandwine.com\/pt-br\/footer-solo\/#primaryimage","url":"https:\/\/troutandwine.com\/wp-content\/uploads\/2025\/05\/cropped-logo-1-768x768.png","contentUrl":"https:\/\/troutandwine.com\/wp-content\/uploads\/2025\/05\/cropped-logo-1-768x768.png"},{"@type":"BreadcrumbList","@id":"https:\/\/troutandwine.com\/pt-br\/footer-solo\/#breadcrumb","itemListElement":[{"@type":"ListItem","position":1,"name":"Home","item":"https:\/\/troutandwine.com\/pt-br\/"},{"@type":"ListItem","position":2,"name":"footer-solo"}]},{"@type":"WebSite","@id":"https:\/\/limegreen-hornet-412731.hostingersite.com\/en\/#website","url":"https:\/\/limegreen-hornet-412731.hostingersite.com\/en\/","name":"Trout and Wine","description":"The Perfect Wine Tours","publisher":{"@id":"https:\/\/limegreen-hornet-412731.hostingersite.com\/en\/#organization"},"potentialAction":[{"@type":"SearchAction","target":{"@type":"EntryPoint","urlTemplate":"https:\/\/limegreen-hornet-412731.hostingersite.com\/en\/?s={search_term_string}"},"query-input":{"@type":"PropertyValueSpecification","valueRequired":true,"valueName":"search_term_string"}}],"inLanguage":"pt-BR"},{"@type":"Organization","@id":"https:\/\/limegreen-hornet-412731.hostingersite.com\/en\/#organization","name":"Trout and Wine","url":"https:\/\/limegreen-hornet-412731.hostingersite.com\/en\/","logo":{"@type":"ImageObject","inLanguage":"pt-BR","@id":"https:\/\/limegreen-hornet-412731.hostingersite.com\/en\/#\/schema\/logo\/image\/","url":"https:\/\/placehold.co\/600x400","contentUrl":"https:\/\/placehold.co\/600x400","width":900,"height":600,"caption":"Trout and Wine"},"image":{"@id":"https:\/\/limegreen-hornet-412731.hostingersite.com\/en\/#\/schema\/logo\/image\/"},"sameAs":["https:\/\/www.facebook.com\/troutandwine\/","https:\/\/www.instagram.com\/troutandwinearg\/","https:\/\/www.tripadvisor.com.ar\/Attraction_Review-g312781-d982478-Reviews-Trout_Wine_Tours-Mendoza_Province_of_Mendoza_Cuyo.html"]}]}},"_links":{"self":[{"href":"https:\/\/troutandwine.com\/pt-br\/wp-json\/wp\/v2\/pages\/12212","targetHints":{"allow":["GET"]}}],"collection":[{"href":"https:\/\/troutandwine.com\/pt-br\/wp-json\/wp\/v2\/pages"}],"about":[{"href":"https:\/\/troutandwine.com\/pt-br\/wp-json\/wp\/v2\/types\/page"}],"author":[{"embeddable":true,"href":"https:\/\/troutandwine.com\/pt-br\/wp-json\/wp\/v2\/users\/1"}],"replies":[{"embeddable":true,"href":"https:\/\/troutandwine.com\/pt-br\/wp-json\/wp\/v2\/comments?post=12212"}],"version-history":[{"count":19,"href":"https:\/\/troutandwine.com\/pt-br\/wp-json\/wp\/v2\/pages\/12212\/revisions"}],"predecessor-version":[{"id":13959,"href":"https:\/\/troutandwine.com\/pt-br\/wp-json\/wp\/v2\/pages\/12212\/revisions\/13959"}],"wp:attachment":[{"href":"https:\/\/troutandwine.com\/pt-br\/wp-json\/wp\/v2\/media?parent=12212"}],"curies":[{"name":"wp","href":"https:\/\/api.w.org\/{rel}","templated":true}]}}