{"id":12255,"date":"2015-01-27T02:18:37","date_gmt":"2015-01-27T05:18:37","guid":{"rendered":"https:\/\/new.troutandwine.com\/pagina-de-funcoes-confirmacao-de-pedido-para-reserva-modal\/"},"modified":"2025-07-15T21:26:15","modified_gmt":"2025-07-16T00:26:15","slug":"order-confirm","status":"publish","type":"page","link":"https:\/\/troutandwine.com\/pt-br\/order-confirm\/","title":{"rendered":"P\u00e1gina de fun\u00e7\u00f5es: Confirma\u00e7\u00e3o de pedido para reserva modal"},"content":{"rendered":"","protected":false},"excerpt":{"rendered":"","protected":false},"author":1,"featured_media":0,"parent":0,"menu_order":0,"comment_status":"open","ping_status":"open","template":"template-confirm.php","meta":{"footnotes":""},"class_list":["post-12255","page","type-page","status-publish","has-post-thumbnail","hentry"],"yoast_head":"<!-- This site is optimized with the Yoast SEO plugin v27.3 - https:\/\/yoast.com\/product\/yoast-seo-wordpress\/ -->\n<title>P\u00e1gina de fun\u00e7\u00f5es: Confirma\u00e7\u00e3o de pedido para reserva modal - Trout &amp; Wine<\/title>\n<meta name=\"robots\" content=\"index, follow, max-snippet:-1, max-image-preview:large, max-video-preview:-1\" \/>\n<link rel=\"canonical\" href=\"https:\/\/troutandwine.com\/pt-br\/order-confirm\/\" \/>\n<meta property=\"og:locale\" content=\"pt_BR\" \/>\n<meta property=\"og:type\" content=\"article\" \/>\n<meta property=\"og:title\" content=\"P\u00e1gina de fun\u00e7\u00f5es: Confirma\u00e7\u00e3o de pedido para reserva modal - Trout &amp; Wine\" \/>\n<meta property=\"og:url\" content=\"https:\/\/troutandwine.com\/pt-br\/order-confirm\/\" \/>\n<meta property=\"og:site_name\" content=\"Trout &amp; Wine\" \/>\n<meta property=\"article:publisher\" content=\"https:\/\/www.facebook.com\/troutandwine\/\" \/>\n<meta property=\"article:modified_time\" content=\"2025-07-16T00:26:15+00:00\" \/>\n<meta property=\"og:image\" content=\"https:\/\/troutandwine.com\/wp-content\/uploads\/2025\/05\/logo-1.png\" \/>\n\t<meta property=\"og:image:width\" content=\"1000\" \/>\n\t<meta property=\"og:image:height\" content=\"1000\" \/>\n\t<meta property=\"og:image:type\" content=\"image\/png\" \/>\n<meta name=\"twitter:card\" content=\"summary_large_image\" \/>\n<script type=\"application\/ld+json\" class=\"yoast-schema-graph\">{\"@context\":\"https:\\\/\\\/schema.org\",\"@graph\":[{\"@type\":\"WebPage\",\"@id\":\"https:\\\/\\\/troutandwine.com\\\/pt-br\\\/order-confirm\\\/\",\"url\":\"https:\\\/\\\/troutandwine.com\\\/pt-br\\\/order-confirm\\\/\",\"name\":\"P\u00e1gina de fun\u00e7\u00f5es: Confirma\u00e7\u00e3o de pedido para reserva modal - Trout &amp; Wine\",\"isPartOf\":{\"@id\":\"https:\\\/\\\/limegreen-hornet-412731.hostingersite.com\\\/en\\\/#website\"},\"datePublished\":\"2015-01-27T05:18:37+00:00\",\"dateModified\":\"2025-07-16T00:26:15+00:00\",\"breadcrumb\":{\"@id\":\"https:\\\/\\\/troutandwine.com\\\/pt-br\\\/order-confirm\\\/#breadcrumb\"},\"inLanguage\":\"pt-BR\",\"potentialAction\":[{\"@type\":\"ReadAction\",\"target\":[\"https:\\\/\\\/troutandwine.com\\\/pt-br\\\/order-confirm\\\/\"]}]},{\"@type\":\"BreadcrumbList\",\"@id\":\"https:\\\/\\\/troutandwine.com\\\/pt-br\\\/order-confirm\\\/#breadcrumb\",\"itemListElement\":[{\"@type\":\"ListItem\",\"position\":1,\"name\":\"Home\",\"item\":\"https:\\\/\\\/troutandwine.com\\\/pt-br\\\/\"},{\"@type\":\"ListItem\",\"position\":2,\"name\":\"P\u00e1gina de fun\u00e7\u00f5es: Confirma\u00e7\u00e3o de pedido para reserva modal\"}]},{\"@type\":\"WebSite\",\"@id\":\"https:\\\/\\\/limegreen-hornet-412731.hostingersite.com\\\/en\\\/#website\",\"url\":\"https:\\\/\\\/limegreen-hornet-412731.hostingersite.com\\\/en\\\/\",\"name\":\"Trout and Wine\",\"description\":\"The Perfect Wine Tours\",\"publisher\":{\"@id\":\"https:\\\/\\\/limegreen-hornet-412731.hostingersite.com\\\/en\\\/#organization\"},\"potentialAction\":[{\"@type\":\"SearchAction\",\"target\":{\"@type\":\"EntryPoint\",\"urlTemplate\":\"https:\\\/\\\/limegreen-hornet-412731.hostingersite.com\\\/en\\\/?s={search_term_string}\"},\"query-input\":{\"@type\":\"PropertyValueSpecification\",\"valueRequired\":true,\"valueName\":\"search_term_string\"}}],\"inLanguage\":\"pt-BR\"},{\"@type\":\"Organization\",\"@id\":\"https:\\\/\\\/limegreen-hornet-412731.hostingersite.com\\\/en\\\/#organization\",\"name\":\"Trout and Wine\",\"url\":\"https:\\\/\\\/limegreen-hornet-412731.hostingersite.com\\\/en\\\/\",\"logo\":{\"@type\":\"ImageObject\",\"inLanguage\":\"pt-BR\",\"@id\":\"https:\\\/\\\/limegreen-hornet-412731.hostingersite.com\\\/en\\\/#\\\/schema\\\/logo\\\/image\\\/\",\"url\":\"https:\\\/\\\/placehold.co\\\/600x400\",\"contentUrl\":\"https:\\\/\\\/placehold.co\\\/600x400\",\"width\":900,\"height\":600,\"caption\":\"Trout and Wine\"},\"image\":{\"@id\":\"https:\\\/\\\/limegreen-hornet-412731.hostingersite.com\\\/en\\\/#\\\/schema\\\/logo\\\/image\\\/\"},\"sameAs\":[\"https:\\\/\\\/www.facebook.com\\\/troutandwine\\\/\",\"https:\\\/\\\/www.instagram.com\\\/troutandwinearg\\\/\",\"https:\\\/\\\/www.tripadvisor.com.ar\\\/Attraction_Review-g312781-d982478-Reviews-Trout_Wine_Tours-Mendoza_Province_of_Mendoza_Cuyo.html\"]}]}<\/script>\n<!-- \/ Yoast SEO plugin. -->","yoast_head_json":{"title":"P\u00e1gina de fun\u00e7\u00f5es: Confirma\u00e7\u00e3o de pedido para reserva modal - Trout &amp; Wine","robots":{"index":"index","follow":"follow","max-snippet":"max-snippet:-1","max-image-preview":"max-image-preview:large","max-video-preview":"max-video-preview:-1"},"canonical":"https:\/\/troutandwine.com\/pt-br\/order-confirm\/","og_locale":"pt_BR","og_type":"article","og_title":"P\u00e1gina de fun\u00e7\u00f5es: Confirma\u00e7\u00e3o de pedido para reserva modal - Trout &amp; Wine","og_url":"https:\/\/troutandwine.com\/pt-br\/order-confirm\/","og_site_name":"Trout &amp; Wine","article_publisher":"https:\/\/www.facebook.com\/troutandwine\/","article_modified_time":"2025-07-16T00:26:15+00:00","og_image":[{"width":1000,"height":1000,"url":"https:\/\/troutandwine.com\/wp-content\/uploads\/2025\/05\/logo-1.png","type":"image\/png"}],"twitter_card":"summary_large_image","schema":{"@context":"https:\/\/schema.org","@graph":[{"@type":"WebPage","@id":"https:\/\/troutandwine.com\/pt-br\/order-confirm\/","url":"https:\/\/troutandwine.com\/pt-br\/order-confirm\/","name":"P\u00e1gina de fun\u00e7\u00f5es: Confirma\u00e7\u00e3o de pedido para reserva modal - Trout &amp; Wine","isPartOf":{"@id":"https:\/\/limegreen-hornet-412731.hostingersite.com\/en\/#website"},"datePublished":"2015-01-27T05:18:37+00:00","dateModified":"2025-07-16T00:26:15+00:00","breadcrumb":{"@id":"https:\/\/troutandwine.com\/pt-br\/order-confirm\/#breadcrumb"},"inLanguage":"pt-BR","potentialAction":[{"@type":"ReadAction","target":["https:\/\/troutandwine.com\/pt-br\/order-confirm\/"]}]},{"@type":"BreadcrumbList","@id":"https:\/\/troutandwine.com\/pt-br\/order-confirm\/#breadcrumb","itemListElement":[{"@type":"ListItem","position":1,"name":"Home","item":"https:\/\/troutandwine.com\/pt-br\/"},{"@type":"ListItem","position":2,"name":"P\u00e1gina de fun\u00e7\u00f5es: Confirma\u00e7\u00e3o de pedido para reserva modal"}]},{"@type":"WebSite","@id":"https:\/\/limegreen-hornet-412731.hostingersite.com\/en\/#website","url":"https:\/\/limegreen-hornet-412731.hostingersite.com\/en\/","name":"Trout and Wine","description":"The Perfect Wine Tours","publisher":{"@id":"https:\/\/limegreen-hornet-412731.hostingersite.com\/en\/#organization"},"potentialAction":[{"@type":"SearchAction","target":{"@type":"EntryPoint","urlTemplate":"https:\/\/limegreen-hornet-412731.hostingersite.com\/en\/?s={search_term_string}"},"query-input":{"@type":"PropertyValueSpecification","valueRequired":true,"valueName":"search_term_string"}}],"inLanguage":"pt-BR"},{"@type":"Organization","@id":"https:\/\/limegreen-hornet-412731.hostingersite.com\/en\/#organization","name":"Trout and Wine","url":"https:\/\/limegreen-hornet-412731.hostingersite.com\/en\/","logo":{"@type":"ImageObject","inLanguage":"pt-BR","@id":"https:\/\/limegreen-hornet-412731.hostingersite.com\/en\/#\/schema\/logo\/image\/","url":"https:\/\/placehold.co\/600x400","contentUrl":"https:\/\/placehold.co\/600x400","width":900,"height":600,"caption":"Trout and Wine"},"image":{"@id":"https:\/\/limegreen-hornet-412731.hostingersite.com\/en\/#\/schema\/logo\/image\/"},"sameAs":["https:\/\/www.facebook.com\/troutandwine\/","https:\/\/www.instagram.com\/troutandwinearg\/","https:\/\/www.tripadvisor.com.ar\/Attraction_Review-g312781-d982478-Reviews-Trout_Wine_Tours-Mendoza_Province_of_Mendoza_Cuyo.html"]}]}},"_links":{"self":[{"href":"https:\/\/troutandwine.com\/pt-br\/wp-json\/wp\/v2\/pages\/12255","targetHints":{"allow":["GET"]}}],"collection":[{"href":"https:\/\/troutandwine.com\/pt-br\/wp-json\/wp\/v2\/pages"}],"about":[{"href":"https:\/\/troutandwine.com\/pt-br\/wp-json\/wp\/v2\/types\/page"}],"author":[{"embeddable":true,"href":"https:\/\/troutandwine.com\/pt-br\/wp-json\/wp\/v2\/users\/1"}],"replies":[{"embeddable":true,"href":"https:\/\/troutandwine.com\/pt-br\/wp-json\/wp\/v2\/comments?post=12255"}],"version-history":[{"count":1,"href":"https:\/\/troutandwine.com\/pt-br\/wp-json\/wp\/v2\/pages\/12255\/revisions"}],"predecessor-version":[{"id":13827,"href":"https:\/\/troutandwine.com\/pt-br\/wp-json\/wp\/v2\/pages\/12255\/revisions\/13827"}],"wp:attachment":[{"href":"https:\/\/troutandwine.com\/pt-br\/wp-json\/wp\/v2\/media?parent=12255"}],"curies":[{"name":"wp","href":"https:\/\/api.w.org\/{rel}","templated":true}]}}